{"id":11,"date":"2018-09-25T22:48:06","date_gmt":"2018-09-25T21:48:06","guid":{"rendered":"http:\/\/intrastaduana.com\/?page_id=11"},"modified":"2018-12-11T23:10:47","modified_gmt":"2018-12-11T23:10:47","slug":"inicio","status":"publish","type":"page","link":"https:\/\/intrastaduana.com\/","title":{"rendered":"home"},"content":{"rendered":"<p>[et_pb_section bb_built=\u00bb1&#8243; admin_label=\u00bbHero Section\u00bb background_color=\u00bb#233b4e\u00bb fullwidth=\u00bbon\u00bb _builder_version=\u00bb3.15&#8243; parallax=\u00bbon\u00bb custom_padding=\u00bb0px|0px|0px|0px\u00bb next_background_color=\u00bb#ffffff\u00bb][et_pb_fullwidth_header admin_label=\u00bbCabecera_Index\u00bb title=\u00bbBienvenidos\u00bb header_fullscreen=\u00bbon\u00bb button_one_text=\u00bbCon\u00f3cenos\u00bb background_overlay_color=\u00bbrgba(29,38,51,0.86)\u00bb content_max_width=\u00bb700px\u00bb _builder_version=\u00bb3.15&#8243; title_font=\u00bbOswald|on||on|\u00bb title_font_size=\u00bb80px\u00bb title_line_height=\u00bb1.3em\u00bb content_font=\u00bbRoboto||||\u00bb content_font_size=\u00bb20px\u00bb content_line_height=\u00bb1.7em\u00bb background_image=\u00bbhttp:\/\/intrastaduana.com\/wp-content\/uploads\/2018\/10\/camion.jpg\u00bb parallax=\u00bbon\u00bb parallax_method=\u00bbon\u00bb custom_button_one=\u00bbon\u00bb button_one_border_radius=\u00bb0px\u00bb button_one_letter_spacing=\u00bb4px\u00bb button_one_font=\u00bbOswald|on||on|\u00bb button_one_icon=\u00bb%%3%%\u00bb button_one_icon_color=\u00bb#ffffff\u00bb button_one_text_color_hover=\u00bb#ffffff\u00bb button_one_bg_color_hover=\u00bbrgba(0,0,0,0)\u00bb button_one_border_color_hover=\u00bb#ffffff\u00bb button_one_border_radius_hover=\u00bb0px\u00bb button_one_letter_spacing_hover=\u00bb4px\u00bb animation_style=\u00bbzoom\u00bb animation_direction=\u00bbbottom\u00bb animation_intensity_zoom=\u00bb4%\u00bb background_position=\u00bbtop_left\u00bb background_repeat=\u00bbrepeat\u00bb background_size=\u00bbinitial\u00bb background_color=\u00bbrgba(255, 255, 255, 0)\u00bb saved_tabs=\u00bball\u00bb button_one_url=\u00bbhttp:\/\/intrastaduana.com\/index.php\/quienes-somos\/\u00bb]<\/p>\n<p>Somos INTRASTADUANA, una de las mayores compa\u00f1\u00edas del sector de&nbsp;<strong>agentes de aduana<\/strong>&nbsp;de&nbsp;<strong>Madrid.<\/strong><\/p>\n<p>[\/et_pb_fullwidth_header][\/et_pb_section][et_pb_section bb_built=\u00bb1&#8243; _builder_version=\u00bb3.0.69&#8243; custom_padding=\u00bb110px||110px|\u00bb prev_background_color=\u00bb#233b4e\u00bb next_background_color=\u00bb#f4f4f4&#8243;][et_pb_row _builder_version=\u00bb3.0.69&#8243;][et_pb_column type=\u00bb1_2&#8243;][et_pb_text admin_label=\u00bbindex_presentacion\u00bb _builder_version=\u00bb3.15&#8243; text_font=\u00bbRoboto||||\u00bb text_font_size=\u00bb24px\u00bb text_text_color=\u00bb#1a1a1a\u00bb text_line_height=\u00bb1.4em\u00bb animation_style=\u00bbslide\u00bb animation_direction=\u00bbtop\u00bb animation_intensity_slide=\u00bb10%\u00bb]<\/p>\n<p>Proporcionamos servicios para ayudar a mejorar los procesos de <strong>tr\u00e1fico Internacional de mercanc\u00edas, despacho de aduanas y servicios log\u00edsticos.<\/strong><\/p>\n<p>[\/et_pb_text][et_pb_divider color=\u00bb#01a0c7&#8243; divider_position=\u00bbcenter\u00bb divider_weight=\u00bb3px\u00bb height=\u00bbfalse\u00bb disabled_on=\u00bboff|off|off\u00bb _builder_version=\u00bb3.15&#8243; max_width=\u00bb150px\u00bb animation_style=\u00bbslide\u00bb animation_direction=\u00bbtop\u00bb animation_delay=\u00bb100ms\u00bb animation_intensity_slide=\u00bb10%\u00bb \/][et_pb_text admin_label=\u00bbDiscover Beatuty Text\u00bb _builder_version=\u00bb3.15&#8243; text_font=\u00bbRoboto||||\u00bb text_font_size=\u00bb16px\u00bb text_line_height=\u00bb1.9em\u00bb custom_padding=\u00bb30px|||\u00bb animation_style=\u00bbslide\u00bb animation_direction=\u00bbtop\u00bb animation_delay=\u00bb200ms\u00bb animation_intensity_slide=\u00bb10%\u00bb]<\/p>\n<div>Contamos con una amplia experiencia en el sector, ademas disponemos de un seguro que se adapta a cualquier tipo de mercanc\u00edas, transporte, almacenaje y descarga al menor coste. Adem\u00e1s favorecemos las operaciones log\u00edsticas para adaptarnos a las necesidades de nuestros clientes, cumpliendo a la perfecci\u00f3n los tiempos y formas de la liberaci\u00f3n de las mercanc\u00edas en aduana.<\/div>\n<div><\/div>\n<div><\/div>\n<p>[\/et_pb_text][et_pb_image src=\u00bbhttp:\/\/intrastaduana.com\/wp-content\/uploads\/2018\/10\/almacen1.jpg\u00bb force_fullwidth=\u00bbon\u00bb _builder_version=\u00bb3.15&#8243; custom_margin=\u00bb90px|||\u00bb animation_style=\u00bbfold\u00bb animation_direction=\u00bbleft\u00bb animation_intensity_fold=\u00bb20%\u00bb \/][\/et_pb_column][et_pb_column type=\u00bb1_2&#8243;][et_pb_text admin_label=\u00bbDiscover Beatuty Title\u00bb _builder_version=\u00bb3.15&#8243; text_font=\u00bb||||\u00bb text_text_color=\u00bb#1a1a1a\u00bb header_font=\u00bbOswald|on||on|\u00bb header_text_align=\u00bbright\u00bb header_font_size=\u00bb60px\u00bb header_line_height=\u00bb1.3em\u00bb animation_style=\u00bbslide\u00bb animation_direction=\u00bbtop\u00bb animation_intensity_slide=\u00bb10%\u00bb]<\/p>\n<h1>Cuesti\u00f3n de confianza<\/h1>\n<p>[\/et_pb_text][et_pb_image src=\u00bbhttp:\/\/intrastaduana.com\/wp-content\/uploads\/2018\/10\/descarga1.jpg\u00bb force_fullwidth=\u00bbon\u00bb _builder_version=\u00bb3.15&#8243; custom_margin=\u00bb90px|||\u00bb animation_style=\u00bbfold\u00bb animation_direction=\u00bbright\u00bb animation_intensity_fold=\u00bb20%\u00bb \/][\/et_pb_column][\/et_pb_row][\/et_pb_section][et_pb_section bb_built=\u00bb1&#8243; background_color=\u00bb#f4f4f4&#8243; _builder_version=\u00bb3.0.69&#8243; custom_padding=\u00bb110px||110px|\u00bb prev_background_color=\u00bb#ffffff\u00bb next_background_color=\u00bb#ffffff\u00bb][et_pb_row _builder_version=\u00bb3.15&#8243; global_module=\u00bb236&#8243;][et_pb_column type=\u00bb1_2&#8243;][et_pb_text admin_label=\u00bbTop Destination Title\u00bb global_parent=\u00bb236&#8243; _builder_version=\u00bb3.15&#8243; text_font=\u00bb||||\u00bb text_text_color=\u00bb#1a1a1a\u00bb header_font=\u00bbOswald|on||on|\u00bb header_text_align=\u00bbleft\u00bb header_font_size=\u00bb60px\u00bb header_line_height=\u00bb1.3em\u00bb custom_margin=\u00bb|||\u00bb custom_padding=\u00bb|||\u00bb animation_style=\u00bbslide\u00bb animation_direction=\u00bbtop\u00bb animation_intensity_slide=\u00bb10%\u00bb locked=\u00bboff\u00bb]<\/p>\n<h1>Versatilidad de servicios<\/h1>\n<p>[\/et_pb_text][et_pb_divider global_parent=\u00bb236&#8243; color=\u00bb#01a0c7&#8243; divider_position=\u00bbcenter\u00bb divider_weight=\u00bb3px\u00bb height=\u00bbfalse\u00bb disabled_on=\u00bboff|off|off\u00bb _builder_version=\u00bb3.15&#8243; max_width=\u00bb150px\u00bb animation_style=\u00bbslide\u00bb animation_direction=\u00bbtop\u00bb animation_delay=\u00bb100ms\u00bb animation_intensity_slide=\u00bb10%\u00bb locked=\u00bboff\u00bb \/][et_pb_text admin_label=\u00bbTop Destination Sub Title\u00bb global_parent=\u00bb236&#8243; _builder_version=\u00bb3.15&#8243; text_font=\u00bbRoboto||||\u00bb text_font_size=\u00bb24px\u00bb text_text_color=\u00bb#1a1a1a\u00bb text_line_height=\u00bb1.4em\u00bb custom_padding=\u00bb30px|||\u00bb animation_style=\u00bbslide\u00bb animation_direction=\u00bbtop\u00bb animation_delay=\u00bb200ms\u00bb animation_intensity_slide=\u00bb10%\u00bb locked=\u00bboff\u00bb]<\/p>\n<p>Nuestro objetivo es satisfacer las demandas de cada cliente en t\u00e9rminos de costes, efectividad y flexibilidad.<\/p>\n<p>[\/et_pb_text][\/et_pb_column][et_pb_column type=\u00bb1_2&#8243;][et_pb_text admin_label=\u00bbTop Destination Text\u00bb global_parent=\u00bb236&#8243; _builder_version=\u00bb3.15&#8243; text_font=\u00bbRoboto||||\u00bb text_font_size=\u00bb16px\u00bb text_line_height=\u00bb1.9em\u00bb custom_padding=\u00bb||60px|\u00bb animation_style=\u00bbslide\u00bb animation_direction=\u00bbtop\u00bb animation_intensity_slide=\u00bb4%\u00bb locked=\u00bboff\u00bb]<\/p>\n<p>En estos d\u00edas de creciente complejidad en la industria log\u00edstica, se necesitan servicios especializados en varias actividades:<\/p>\n<ul>\n<li>Transportes nacionales e internacionales.<\/li>\n<li>Aduanas.<\/li>\n<li>Almacenes y dep\u00f3sitos aduaneros<\/li>\n<li>Log\u00edstica global<\/li>\n<\/ul>\n<p>Todos estos servicios los flexibilizamos para adaptarlos a las necesidades del cliente, minimizando los costes de transporte sin perder calidad de servicio, seleccionando cuidadosamente los colaboradores con el fin de garantizar y agilizar las entregas.<\/p>\n<p>\u00a0<\/p>\n<p>[\/et_pb_text][\/et_pb_column][\/et_pb_row][et_pb_row admin_label=\u00bbGallery\u00bb make_fullwidth=\u00bbon\u00bb use_custom_gutter=\u00bbon\u00bb gutter_width=\u00bb1&#8243; custom_padding=\u00bb|||\u00bb make_equal=\u00bbon\u00bb _builder_version=\u00bb3.15&#8243; global_module=\u00bb237&#8243;][et_pb_column type=\u00bb1_4&#8243;][et_pb_image global_parent=\u00bb237&#8243; src=\u00bbhttp:\/\/intrastaduana.com\/wp-content\/uploads\/2018\/10\/aduana.jpg\u00bb show_in_lightbox=\u00bbon\u00bb force_fullwidth=\u00bbon\u00bb _builder_version=\u00bb3.15&#8243; animation_style=\u00bbzoom\u00bb animation_intensity_zoom=\u00bb10%\u00bb \/][\/et_pb_column][et_pb_column type=\u00bb1_4&#8243;][et_pb_image global_parent=\u00bb237&#8243; src=\u00bbhttp:\/\/intrastaduana.com\/wp-content\/uploads\/2018\/10\/transporte.jpg\u00bb show_in_lightbox=\u00bbon\u00bb force_fullwidth=\u00bbon\u00bb _builder_version=\u00bb3.15&#8243; animation_style=\u00bbzoom\u00bb animation_delay=\u00bb100ms\u00bb animation_intensity_zoom=\u00bb10%\u00bb locked=\u00bboff\u00bb \/][\/et_pb_column][et_pb_column type=\u00bb1_4&#8243;][et_pb_image global_parent=\u00bb237&#8243; src=\u00bbhttp:\/\/intrastaduana.com\/wp-content\/uploads\/2018\/10\/descarga.jpg\u00bb show_in_lightbox=\u00bbon\u00bb force_fullwidth=\u00bbon\u00bb _builder_version=\u00bb3.15&#8243; animation_style=\u00bbzoom\u00bb animation_delay=\u00bb200ms\u00bb animation_intensity_zoom=\u00bb10%\u00bb locked=\u00bboff\u00bb \/][\/et_pb_column][et_pb_column type=\u00bb1_4&#8243;][et_pb_image global_parent=\u00bb237&#8243; src=\u00bbhttp:\/\/intrastaduana.com\/wp-content\/uploads\/2018\/10\/almacen2.jpg\u00bb show_in_lightbox=\u00bbon\u00bb force_fullwidth=\u00bbon\u00bb _builder_version=\u00bb3.15&#8243; animation_style=\u00bbzoom\u00bb animation_delay=\u00bb300ms\u00bb animation_intensity_zoom=\u00bb10%\u00bb locked=\u00bboff\u00bb \/][\/et_pb_column][\/et_pb_row][et_pb_row padding_top_1=\u00bb50px\u00bb _builder_version=\u00bb3.0.76&#8243;][et_pb_column type=\u00bb4_4&#8243;][et_pb_button admin_label=\u00bbGallery Button\u00bb button_url=\u00bbhttp:\/\/intrastaduana.com\/index.php\/servicios\/\u00bb button_text=\u00bbVer todos los servicios\u00bb button_alignment=\u00bbcenter\u00bb _builder_version=\u00bb3.15&#8243; custom_button=\u00bbon\u00bb button_text_color=\u00bb#1a1a1a\u00bb button_border_radius=\u00bb0px\u00bb button_letter_spacing=\u00bb4px\u00bb button_font=\u00bbOswald|on||on|\u00bb button_icon=\u00bb%%3%%\u00bb button_icon_color=\u00bb#1a1a1a\u00bb button_bg_color_hover=\u00bbrgba(0,0,0,0)\u00bb button_border_color_hover=\u00bb#1a1a1a\u00bb button_border_radius_hover=\u00bb0px\u00bb button_letter_spacing_hover=\u00bb4px\u00bb \/][\/et_pb_column][\/et_pb_row][\/et_pb_section][et_pb_section bb_built=\u00bb1&#8243; admin_label=\u00bbCTA\u00bb _builder_version=\u00bb3.0.76&#8243; background_image=\u00bbhttp:\/\/intrastaduana.com\/wp-content\/uploads\/2018\/09\/travel-landscape-13.png\u00bb parallax=\u00bbon\u00bb custom_margin=\u00bb|||\u00bb custom_padding=\u00bb0px|||\u00bb prev_background_color=\u00bb#f4f4f4&#8243;][et_pb_row make_fullwidth=\u00bbon\u00bb use_custom_gutter=\u00bbon\u00bb gutter_width=\u00bb1&#8243; custom_padding=\u00bb220px|0px|220px|0px\u00bb custom_padding_tablet=\u00bb0px|||\u00bb custom_padding_last_edited=\u00bbon|tablet\u00bb _builder_version=\u00bb3.0.76&#8243; use_background_color_gradient=\u00bbon\u00bb background_color_gradient_start=\u00bb#ffffff\u00bb background_color_gradient_end=\u00bbrgba(255,255,255,0)\u00bb background_color_gradient_end_position=\u00bb22%\u00bb][et_pb_column type=\u00bb4_4&#8243;][et_pb_text admin_label=\u00bbCTA Section Title\u00bb _builder_version=\u00bb3.15&#8243; text_font=\u00bb||||\u00bb text_line_height=\u00bb1em\u00bb header_font=\u00bbOswald|on||on|\u00bb header_text_align=\u00bbcenter\u00bb header_font_size=\u00bb60px\u00bb header_line_height=\u00bb1.3em\u00bb module_alignment=\u00bbcenter\u00bb custom_margin=\u00bb||60px|\u00bb custom_padding=\u00bb|||\u00bb animation_style=\u00bbslide\u00bb animation_direction=\u00bbtop\u00bb animation_intensity_slide=\u00bb10%\u00bb locked=\u00bboff\u00bb]<\/p>\n<h1>Estar\u00e1s en buenas manos<\/h1>\n<p>[\/et_pb_text][et_pb_button button_text=\u00bbContacta con nosotros\u00bb button_alignment=\u00bbcenter\u00bb _builder_version=\u00bb3.15&#8243; custom_button=\u00bbon\u00bb button_text_color=\u00bb#ffffff\u00bb button_bg_color=\u00bb#065280&#8243; button_border_color=\u00bb#065280&#8243; button_border_radius=\u00bb0px\u00bb button_letter_spacing=\u00bb4px\u00bb button_font=\u00bbOswald|on||on|\u00bb button_icon=\u00bb%%3%%\u00bb button_icon_color=\u00bb#1a1a1a\u00bb button_bg_color_hover=\u00bb#00a0c6&#8243; button_border_color_hover=\u00bb#1a1a1a\u00bb button_border_radius_hover=\u00bb0px\u00bb button_letter_spacing_hover=\u00bb4px\u00bb locked=\u00bboff\u00bb button_url=\u00bbhttp:\/\/intrastaduana.com\/index.php\/contacto\/\u00bb \/][et_pb_image src=\u00bbhttp:\/\/intrastaduana.com\/wp-content\/uploads\/2018\/10\/montacargas.png\u00bb show_bottom_space=\u00bboff\u00bb align=\u00bbcenter\u00bb _builder_version=\u00bb3.15&#8243; custom_margin=\u00bb100px|||\u00bb \/][\/et_pb_column][\/et_pb_row][\/et_pb_section]<\/p>\n","protected":false},"excerpt":{"rendered":"<p>[et_pb_section bb_built=\u00bb1&#8243; admin_label=\u00bbHero Section\u00bb background_color=\u00bb#233b4e\u00bb fullwidth=\u00bbon\u00bb _builder_version=\u00bb3.15&#8243; parallax=\u00bbon\u00bb custom_padding=\u00bb0px|0px|0px|0px\u00bb next_background_color=\u00bb#ffffff\u00bb][et_pb_fullwidth_header admin_label=\u00bbCabecera_Index\u00bb title=\u00bbBienvenidos\u00bb header_fullscreen=\u00bbon\u00bb button_one_text=\u00bbCon\u00f3cenos\u00bb background_overlay_color=\u00bbrgba(29,38,51,0.86)\u00bb content_max_width=\u00bb700px\u00bb _builder_version=\u00bb3.15&#8243; title_font=\u00bbOswald|on||on|\u00bb title_font_size=\u00bb80px\u00bb title_line_height=\u00bb1.3em\u00bb content_font=\u00bbRoboto||||\u00bb content_font_size=\u00bb20px\u00bb content_line_height=\u00bb1.7em\u00bb background_image=\u00bbhttp:\/\/intrastaduana.com\/wp-content\/uploads\/2018\/10\/camion.jpg\u00bb parallax=\u00bbon\u00bb parallax_method=\u00bbon\u00bb custom_button_one=\u00bbon\u00bb button_one_border_radius=\u00bb0px\u00bb button_one_letter_spacing=\u00bb4px\u00bb button_one_font=\u00bbOswald|on||on|\u00bb button_one_icon=\u00bb%%3%%\u00bb button_one_icon_color=\u00bb#ffffff\u00bb button_one_text_color_hover=\u00bb#ffffff\u00bb button_one_bg_color_hover=\u00bbrgba(0,0,0,0)\u00bb button_one_border_color_hover=\u00bb#ffffff\u00bb button_one_border_radius_hover=\u00bb0px\u00bb button_one_letter_spacing_hover=\u00bb4px\u00bb animation_style=\u00bbzoom\u00bb animation_direction=\u00bbbottom\u00bb animation_intensity_zoom=\u00bb4%\u00bb background_position=\u00bbtop_left\u00bb background_repeat=\u00bbrepeat\u00bb background_size=\u00bbinitial\u00bb background_color=\u00bbrgba(255, 255, 255, 0)\u00bb saved_tabs=\u00bball\u00bb button_one_url=\u00bbhttp:\/\/intrastaduana.com\/index.php\/quienes-somos\/\u00bb] Somos INTRASTADUANA, una de las mayores [&hellip;]<\/p>\n","protected":false},"author":1,"featured_media":0,"parent":0,"menu_order":0,"comment_status":"closed","ping_status":"closed","template":"","meta":{"_et_pb_use_builder":"on","_et_pb_old_content":"<p><img class=\"alignnone size-medium wp-image-7 aligncenter\" src=\"http:\/\/intrastaduana.com\/wp-content\/uploads\/2018\/09\/ico_logo_ITA-01-300x300.jpg\" alt=\"\" width=\"300\" height=\"300\" \/><\/p><h1 style=\"text-align: center;\"><strong>P\u00c1GINA EN CONSTRUCCI\u00d3N<\/strong><\/h1><p style=\"text-align: center;\"><strong>Pronto estar\u00e1 disponible. Disculpen las molestias<\/strong><\/p><p>\u00a0<\/p>","_et_gb_content_width":"","footnotes":""},"_links":{"self":[{"href":"https:\/\/intrastaduana.com\/index.php\/wp-json\/wp\/v2\/pages\/11"}],"collection":[{"href":"https:\/\/intrastaduana.com\/index.php\/wp-json\/wp\/v2\/pages"}],"about":[{"href":"https:\/\/intrastaduana.com\/index.php\/wp-json\/wp\/v2\/types\/page"}],"author":[{"embeddable":true,"href":"https:\/\/intrastaduana.com\/index.php\/wp-json\/wp\/v2\/users\/1"}],"replies":[{"embeddable":true,"href":"https:\/\/intrastaduana.com\/index.php\/wp-json\/wp\/v2\/comments?post=11"}],"version-history":[{"count":39,"href":"https:\/\/intrastaduana.com\/index.php\/wp-json\/wp\/v2\/pages\/11\/revisions"}],"predecessor-version":[{"id":339,"href":"https:\/\/intrastaduana.com\/index.php\/wp-json\/wp\/v2\/pages\/11\/revisions\/339"}],"wp:attachment":[{"href":"https:\/\/intrastaduana.com\/index.php\/wp-json\/wp\/v2\/media?parent=11"}],"curies":[{"name":"wp","href":"https:\/\/api.w.org\/{rel}","templated":true}]}}