{"id":37,"date":"2018-09-25T23:16:40","date_gmt":"2018-09-25T22:16:40","guid":{"rendered":"http:\/\/intrastaduana.com\/?page_id=37"},"modified":"2019-01-03T23:53:32","modified_gmt":"2019-01-03T23:53:32","slug":"quienes-somos","status":"publish","type":"page","link":"https:\/\/intrastaduana.com\/index.php\/quienes-somos\/","title":{"rendered":"quienes somos"},"content":{"rendered":"<p>[et_pb_section bb_built=\u00bb1&#8243; _builder_version=\u00bb3.15&#8243; custom_padding=\u00bb110px||50px|\u00bb next_background_color=\u00bb#000000&#8243; custom_padding_last_edited=\u00bbon|desktop\u00bb][et_pb_row _builder_version=\u00bb3.0.69&#8243;][et_pb_column type=\u00bb1_2&#8243;][et_pb_text admin_label=\u00bbTitle\u00bb _builder_version=\u00bb3.15&#8243; text_font=\u00bb||||\u00bb text_text_color=\u00bb#1a1a1a\u00bb header_font=\u00bbOswald|on||on|\u00bb header_text_align=\u00bbleft\u00bb header_font_size=\u00bb60px\u00bb header_line_height=\u00bb1.3em\u00bb max_width=\u00bb450px\u00bb custom_margin=\u00bb|||\u00bb custom_padding=\u00bb|||\u00bb animation_style=\u00bbslide\u00bb animation_direction=\u00bbtop\u00bb animation_intensity_slide=\u00bb10%\u00bb locked=\u00bboff\u00bb]<\/p>\n<h1>Somos Intrastaduana<\/h1>\n<p>[\/et_pb_text][et_pb_divider color=\u00bb#01a0c7&#8243; divider_position=\u00bbcenter\u00bb divider_weight=\u00bb3px\u00bb height=\u00bbfalse\u00bb disabled_on=\u00bbon|on|off%22&#8243; _builder_version=\u00bb3.15&#8243; max_width=\u00bb150px\u00bb custom_margin=\u00bb30px|||\u00bb animation_style=\u00bbslide\u00bb animation_direction=\u00bbtop\u00bb animation_delay=\u00bb100ms\u00bb animation_intensity_slide=\u00bb10%\u00bb locked=\u00bboff\u00bb \/][et_pb_text admin_label=\u00bbSub Title\u00bb _builder_version=\u00bb3.15&#8243; text_font=\u00bbRoboto||||\u00bb text_font_size=\u00bb24px\u00bb text_text_color=\u00bb#1a1a1a\u00bb text_line_height=\u00bb1.4em\u00bb background_size=\u00bbinitial\u00bb background_position=\u00bbtop_left\u00bb background_repeat=\u00bbrepeat\u00bb max_width=\u00bb450px\u00bb custom_padding=\u00bb30px|||\u00bb animation_style=\u00bbslide\u00bb animation_direction=\u00bbtop\u00bb animation_delay=\u00bb200ms\u00bb animation_intensity_slide=\u00bb10%\u00bb locked=\u00bboff\u00bb]<\/p>\n<p>\nUna de las mejores empresas de Madrid especializada en el <strong>tr\u00e1fico internacional de mercanc\u00edas, despachos de aduanas y servicios log\u00edsticos.<\/strong><\/p>\n<p>[\/et_pb_text][et_pb_text _builder_version=\u00bb3.15&#8243; text_font=\u00bbRoboto||||\u00bb text_font_size=\u00bb16px\u00bb text_line_height=\u00bb1.9em\u00bb background_size=\u00bbinitial\u00bb background_position=\u00bbtop_left\u00bb background_repeat=\u00bbrepeat\u00bb max_width=\u00bb450px\u00bb custom_margin=\u00bb60|||\u00bb custom_padding=\u00bb||60px|\u00bb animation_style=\u00bbslide\u00bb animation_direction=\u00bbtop\u00bb animation_delay=\u00bb400ms\u00bb animation_intensity_slide=\u00bb4%\u00bb locked=\u00bboff\u00bb]<\/p>\n<p>\nINTRASTADUANA nace hace 7 a\u00f1os, pero contamos con expertos en recursos t\u00e9cnicos y humanos con m\u00e1s de 20 a\u00f1os de experiencia en el sector.<\/p>\n<p>El objetivo de esta empresa es ampliar los servicios que prestaban la tradicionales AGENCIAS DE ADUANAS, adapt\u00e1ndose a las nuevas necesidades del mercado que buscan la soluci\u00f3n a problemas de aprovisionamiento, almacenamiento, transporte y distribuci\u00f3n con un solo operador.<\/p>\n<p>[\/et_pb_text][\/et_pb_column][et_pb_column type=\u00bb1_2&#8243;][et_pb_image src=\u00bbhttp:\/\/intrastaduana.com\/wp-content\/uploads\/2018\/10\/almacenes.jpg\u00bb force_fullwidth=\u00bbon\u00bb _builder_version=\u00bb3.15&#8243; custom_margin=\u00bb|||\u00bb animation_style=\u00bbslide\u00bb animation_duration=\u00bb500ms\u00bb animation_intensity_slide=\u00bb10%\u00bb animation=\u00bbfade_in\u00bb \/][\/et_pb_column][\/et_pb_row][\/et_pb_section][et_pb_section bb_built=\u00bb1&#8243; custom_padding_last_edited=\u00bbon|phone\u00bb _builder_version=\u00bb3.15&#8243; custom_padding=\u00bb80px||80px|\u00bb prev_background_color=\u00bb#000000&#8243; next_background_color=\u00bb#000000&#8243;][et_pb_row _builder_version=\u00bb3.0.69&#8243; locked=\u00bboff\u00bb][et_pb_column type=\u00bb4_4&#8243;][et_pb_text admin_label=\u00bbMore Places Title\u00bb _builder_version=\u00bb3.15&#8243; text_font=\u00bb||||\u00bb header_font=\u00bbOswald|on||on|\u00bb header_font_size=\u00bb60px\u00bb header_line_height=\u00bb1.3em\u00bb background_size=\u00bbinitial\u00bb background_position=\u00bbtop_left\u00bb background_repeat=\u00bbrepeat\u00bb text_orientation=\u00bbcenter\u00bb custom_margin=\u00bb|||\u00bb custom_padding=\u00bb|||\u00bb animation_style=\u00bbslide\u00bb animation_direction=\u00bbtop\u00bb animation_intensity_slide=\u00bb10%\u00bb]<\/p>\n<h1>Por qu\u00e9 elegirnos<\/h1>\n<p>[\/et_pb_text][et_pb_divider color=\u00bb#01a0c7&#8243; divider_position=\u00bbcenter\u00bb divider_weight=\u00bb3px\u00bb height=\u00bbfalse\u00bb disabled_on=\u00bbon|on|off%22&#8243; _builder_version=\u00bb3.15&#8243; max_width=\u00bb150px\u00bb module_alignment=\u00bbcenter\u00bb custom_margin=\u00bb30px|||\u00bb animation_style=\u00bbslide\u00bb animation_direction=\u00bbtop\u00bb animation_delay=\u00bb100ms\u00bb animation_intensity_slide=\u00bb10%\u00bb locked=\u00bboff\u00bb \/][\/et_pb_column][\/et_pb_row][et_pb_row custom_padding=\u00bb70px|||\u00bb _builder_version=\u00bb3.0.69&#8243; locked=\u00bboff\u00bb][et_pb_column type=\u00bb1_3&#8243;][et_pb_blurb title=\u00bbSERVICIOS A MEDIDA\u00bb use_icon=\u00bbon\u00bb font_icon=\u00bb%%69%%\u00bb icon_color=\u00bb#065280&#8243; use_icon_font_size=\u00bbon\u00bb icon_font_size=\u00bb60px\u00bb _builder_version=\u00bb3.15&#8243; header_font=\u00bbOswald|on||on|\u00bb header_font_size=\u00bb24px\u00bb body_font=\u00bbRoboto||||\u00bb body_font_size=\u00bb16px\u00bb body_line_height=\u00bb1.8em\u00bb text_orientation=\u00bbcenter\u00bb]<\/p>\n<p>\nNuestra flexibilidad en el servicio se ajusta a las necesidades espec\u00edficas de cada cliente mediante un horario ampliado.<\/p>\n<p>[\/et_pb_blurb][\/et_pb_column][et_pb_column type=\u00bb1_3&#8243;][et_pb_blurb title=\u00bbCONTROLAMOS LOS COSTES\u00bb use_icon=\u00bbon\u00bb font_icon=\u00bb%%155%%\u00bb icon_color=\u00bb#065280&#8243; use_icon_font_size=\u00bbon\u00bb icon_font_size=\u00bb60px\u00bb _builder_version=\u00bb3.15&#8243; header_font=\u00bbOswald|on||on|\u00bb header_font_size=\u00bb24px\u00bb body_font=\u00bbRoboto||||\u00bb body_font_size=\u00bb16px\u00bb body_line_height=\u00bb1.8em\u00bb text_orientation=\u00bbcenter\u00bb]<\/p>\n<p>\nLos costes de transporte son la parte principal de la cadena de suministro. Nosotros intentamos minimizarlos sin perder la calidad en el servicio.<\/p>\n<p>[\/et_pb_blurb][\/et_pb_column][et_pb_column type=\u00bb1_3&#8243;][et_pb_blurb title=\u00bbEN MANOS DE LOS MEJORES\u00bb use_icon=\u00bbon\u00bb font_icon=\u00bb%%169%%\u00bb icon_color=\u00bb#065280&#8243; use_icon_font_size=\u00bbon\u00bb icon_font_size=\u00bb60px\u00bb _builder_version=\u00bb3.15&#8243; header_font=\u00bbOswald|on||on|\u00bb header_font_size=\u00bb24px\u00bb body_font=\u00bbRoboto||||\u00bb body_font_size=\u00bb16px\u00bb body_line_height=\u00bb1.8em\u00bb text_orientation=\u00bbcenter\u00bb]<\/p>\n<p>\nSeleccionamos cuidadosamente la red de corresponsales con el fin de agilizar las entregas puerta\/puerta.<\/p>\n<p>[\/et_pb_blurb][\/et_pb_column][\/et_pb_row][\/et_pb_section][et_pb_section bb_built=\u00bb1&#8243; admin_label=\u00bbLook Inside Section\u00bb _builder_version=\u00bb3.15&#8243; background_image=\u00bbhttp:\/\/intrastaduana.com\/wp-content\/uploads\/2018\/10\/cajones2.jpg\u00bb parallax=\u00bbon\u00bb custom_padding=\u00bb0px||0px|\u00bb prev_background_color=\u00bb#ffffff\u00bb next_background_color=\u00bbrgba(0,0,0,0.5)\u00bb][et_pb_row make_fullwidth=\u00bbon\u00bb use_custom_gutter=\u00bbon\u00bb gutter_width=\u00bb1&#8243; custom_padding=\u00bb0px||0px|\u00bb make_equal=\u00bbon\u00bb padding_top_1=\u00bb8%\u00bb padding_right_1=\u00bb6%\u00bb padding_bottom_1=\u00bb6%\u00bb padding_left_1=\u00bb6%\u00bb parallax_1=\u00bbon\u00bb use_background_color_gradient_1=\u00bbon\u00bb use_background_color_gradient_2=\u00bboff\u00bb background_color_gradient_start_1=\u00bb#ffffff\u00bb background_color_gradient_start_2=\u00bb#ffffff\u00bb background_color_gradient_end_1=\u00bbrgba(255,255,255,0.85)\u00bb background_color_gradient_end_2=\u00bbrgba(255,255,255,0.87)\u00bb background_color_gradient_end_position_1=\u00bb50%\u00bb _builder_version=\u00bb3.15&#8243;][et_pb_column type=\u00bb1_2&#8243;][et_pb_text admin_label=\u00bbLook Inside Title\u00bb _builder_version=\u00bb3.19.3&#8243; text_font=\u00bb||||\u00bb text_text_color=\u00bb#1a1a1a\u00bb header_font=\u00bbOswald|on||on|\u00bb header_text_align=\u00bbright\u00bb header_font_size=\u00bb60px\u00bb header_line_height=\u00bb1.3em\u00bb max_width=\u00bb450px\u00bb module_alignment=\u00bbright\u00bb custom_margin=\u00bb|||\u00bb custom_padding=\u00bb|||\u00bb animation_style=\u00bbslide\u00bb animation_direction=\u00bbtop\u00bb animation_intensity_slide=\u00bb10%\u00bb locked=\u00bboff\u00bb]<\/p>\n<h1>Nuestro equipo siempre comprometido<\/h1>\n<p>[\/et_pb_text][et_pb_divider color=\u00bb#01a0c7&#8243; divider_position=\u00bbcenter\u00bb divider_weight=\u00bb3px\u00bb height=\u00bbfalse\u00bb disabled_on=\u00bbon|on|off%22&#8243; _builder_version=\u00bb3.15&#8243; max_width=\u00bb150px\u00bb module_alignment=\u00bbright\u00bb custom_margin=\u00bb30px|||\u00bb animation_style=\u00bbslide\u00bb animation_direction=\u00bbtop\u00bb animation_delay=\u00bb100ms\u00bb animation_intensity_slide=\u00bb10%\u00bb locked=\u00bboff\u00bb \/][et_pb_text admin_label=\u00bbLook Inside Sub Title\u00bb _builder_version=\u00bb3.19.3&#8243; text_font=\u00bbRoboto||||\u00bb text_font_size=\u00bb24px\u00bb text_text_color=\u00bb#1a1a1a\u00bb text_line_height=\u00bb1.4em\u00bb background_size=\u00bbinitial\u00bb background_position=\u00bbtop_left\u00bb background_repeat=\u00bbrepeat\u00bb text_orientation=\u00bbright\u00bb max_width=\u00bb450px\u00bb module_alignment=\u00bbright\u00bb custom_padding=\u00bb30px|||\u00bb animation_style=\u00bbslide\u00bb animation_direction=\u00bbtop\u00bb animation_delay=\u00bb200ms\u00bb animation_intensity_slide=\u00bb10%\u00bb locked=\u00bboff\u00bb]<\/p>\n<p>\nEl respeto y el compromiso de nuestros empleados proporcionan una experiencia y servicio de primera.<\/p>\n<p>[\/et_pb_text][\/et_pb_column][et_pb_column type=\u00bb1_2&#8243;][\/et_pb_column][\/et_pb_row][\/et_pb_section][et_pb_section bb_built=\u00bb1&#8243; admin_label=\u00bbOffer\u00bb background_color=\u00bbrgba(0,0,0,0.5)\u00bb custom_padding_last_edited=\u00bbon|tablet\u00bb _builder_version=\u00bb3.15&#8243; background_image=\u00bbhttp:\/\/intrastaduana.com\/wp-content\/uploads\/2018\/10\/barcocargo.jpg\u00bb background_blend=\u00bbcolor\u00bb custom_padding=\u00bb120px||120px|\u00bb custom_padding_tablet=\u00bb80px||80px|\u00bb prev_background_color=\u00bb#ffffff\u00bb][et_pb_row custom_margin=\u00bb|||\u00bb _builder_version=\u00bb3.15&#8243;][et_pb_column type=\u00bb4_4&#8243;][et_pb_text admin_label=\u00bbCTA Section Subtitle\u00bb background_layout=\u00bbdark\u00bb _builder_version=\u00bb3.19.3&#8243; text_font=\u00bbRoboto|on||on|\u00bb text_font_size=\u00bb24px\u00bb text_letter_spacing=\u00bb4px\u00bb text_orientation=\u00bbcenter\u00bb module_alignment=\u00bbcenter\u00bb animation_style=\u00bbzoom\u00bb animation_intensity_zoom=\u00bb20%\u00bb]<\/p>\n<p>\nDescubre todo lo que podemos hacer por tu mercanc\u00eda<\/p>\n<p>[\/et_pb_text][et_pb_text admin_label=\u00bbCTA Section Subtitle\u00bb background_layout=\u00bbdark\u00bb _builder_version=\u00bb3.19.3&#8243; text_font=\u00bbRoboto|on||on|\u00bb text_font_size=\u00bb24px\u00bb text_letter_spacing=\u00bb4px\u00bb text_orientation=\u00bbcenter\u00bb module_alignment=\u00bbcenter\u00bb animation_style=\u00bbzoom\u00bb animation_intensity_zoom=\u00bb20%\u00bb]<\/p>\n<h1>ESTAR\u00c1N EN BUENAS MANOS<\/h1>\n<p>[\/et_pb_text][et_pb_divider show_divider=\u00bbon\u00bb divider_position=\u00bbcenter\u00bb divider_weight=\u00bb3px\u00bb height=\u00bbfalse\u00bb disabled_on=\u00bbon|on|off%22&#8243; _builder_version=\u00bb3.15&#8243; max_width=\u00bb150px\u00bb module_alignment=\u00bbcenter\u00bb animation_style=\u00bbzoom\u00bb animation_delay=\u00bb200ms\u00bb animation_intensity_zoom=\u00bb20%\u00bb locked=\u00bboff\u00bb color=\u00bb#ffffff\u00bb \/][et_pb_button button_text=\u00bbContacta con nosotros\u00bb button_alignment=\u00bbcenter\u00bb background_layout=\u00bbdark\u00bb _builder_version=\u00bb3.19.3&#8243; custom_button=\u00bbon\u00bb button_text_color=\u00bb#ffffff\u00bb button_border_radius=\u00bb0px\u00bb button_letter_spacing=\u00bb4px\u00bb button_font=\u00bbOswald|on||on|\u00bb button_icon=\u00bb%%3%%\u00bb button_icon_color=\u00bb#ffffff\u00bb button_bg_color_hover=\u00bbrgba(0,0,0,0)\u00bb button_border_color_hover=\u00bb#ffffff\u00bb button_border_radius_hover=\u00bb0px\u00bb button_letter_spacing_hover=\u00bb4px\u00bb animation_style=\u00bbzoom\u00bb animation_delay=\u00bb400ms\u00bb animation_intensity_zoom=\u00bb20%\u00bb button_url=\u00bbhttp:\/\/intrastaduana.com\/index.php\/contacto\/\u00bb button_text_size__hover_enabled=\u00bboff\u00bb button_text_size__hover=\u00bbnull\u00bb button_one_text_size__hover_enabled=\u00bboff\u00bb button_one_text_size__hover=\u00bbnull\u00bb button_two_text_size__hover_enabled=\u00bboff\u00bb button_two_text_size__hover=\u00bbnull\u00bb button_text_color__hover_enabled=\u00bboff\u00bb button_text_color__hover=\u00bbnull\u00bb button_one_text_color__hover_enabled=\u00bboff\u00bb button_one_text_color__hover=\u00bbnull\u00bb button_two_text_color__hover_enabled=\u00bboff\u00bb button_two_text_color__hover=\u00bbnull\u00bb button_border_width__hover_enabled=\u00bboff\u00bb button_border_width__hover=\u00bbnull\u00bb button_one_border_width__hover_enabled=\u00bboff\u00bb button_one_border_width__hover=\u00bbnull\u00bb button_two_border_width__hover_enabled=\u00bboff\u00bb button_two_border_width__hover=\u00bbnull\u00bb button_border_color__hover_enabled=\u00bbon\u00bb button_border_color__hover=\u00bb#ffffff\u00bb button_one_border_color__hover_enabled=\u00bboff\u00bb button_one_border_color__hover=\u00bbnull\u00bb button_two_border_color__hover_enabled=\u00bboff\u00bb button_two_border_color__hover=\u00bbnull\u00bb button_border_radius__hover_enabled=\u00bbon\u00bb button_border_radius__hover=\u00bb0px\u00bb button_one_border_radius__hover_enabled=\u00bboff\u00bb button_one_border_radius__hover=\u00bbnull\u00bb button_two_border_radius__hover_enabled=\u00bboff\u00bb button_two_border_radius__hover=\u00bbnull\u00bb button_letter_spacing__hover_enabled=\u00bbon\u00bb button_letter_spacing__hover=\u00bb4px\u00bb button_one_letter_spacing__hover_enabled=\u00bboff\u00bb button_one_letter_spacing__hover=\u00bbnull\u00bb button_two_letter_spacing__hover_enabled=\u00bboff\u00bb button_two_letter_spacing__hover=\u00bbnull\u00bb button_bg_color__hover_enabled=\u00bbon\u00bb button_bg_color__hover=\u00bbrgba(0,0,0,0)\u00bb button_one_bg_color__hover_enabled=\u00bboff\u00bb button_one_bg_color__hover=\u00bbnull\u00bb button_two_bg_color__hover_enabled=\u00bboff\u00bb button_two_bg_color__hover=\u00bbnull\u00bb \/][\/et_pb_column][\/et_pb_row][\/et_pb_section]<\/p>\n","protected":false},"excerpt":{"rendered":"<p>[et_pb_section bb_built=\u00bb1&#8243; _builder_version=\u00bb3.15&#8243; custom_padding=\u00bb110px||50px|\u00bb next_background_color=\u00bb#000000&#8243; custom_padding_last_edited=\u00bbon|desktop\u00bb][et_pb_row _builder_version=\u00bb3.0.69&#8243;][et_pb_column type=\u00bb1_2&#8243;][et_pb_text admin_label=\u00bbTitle\u00bb _builder_version=\u00bb3.15&#8243; text_font=\u00bb||||\u00bb text_text_color=\u00bb#1a1a1a\u00bb header_font=\u00bbOswald|on||on|\u00bb header_text_align=\u00bbleft\u00bb header_font_size=\u00bb60px\u00bb header_line_height=\u00bb1.3em\u00bb max_width=\u00bb450px\u00bb custom_margin=\u00bb|||\u00bb custom_padding=\u00bb|||\u00bb animation_style=\u00bbslide\u00bb animation_direction=\u00bbtop\u00bb animation_intensity_slide=\u00bb10%\u00bb locked=\u00bboff\u00bb] Somos Intrastaduana [\/et_pb_text][et_pb_divider color=\u00bb#01a0c7&#8243; divider_position=\u00bbcenter\u00bb divider_weight=\u00bb3px\u00bb height=\u00bbfalse\u00bb disabled_on=\u00bbon|on|off%22&#8243; _builder_version=\u00bb3.15&#8243; max_width=\u00bb150px\u00bb custom_margin=\u00bb30px|||\u00bb animation_style=\u00bbslide\u00bb animation_direction=\u00bbtop\u00bb animation_delay=\u00bb100ms\u00bb animation_intensity_slide=\u00bb10%\u00bb locked=\u00bboff\u00bb \/][et_pb_text admin_label=\u00bbSub Title\u00bb _builder_version=\u00bb3.15&#8243; text_font=\u00bbRoboto||||\u00bb text_font_size=\u00bb24px\u00bb text_text_color=\u00bb#1a1a1a\u00bb text_line_height=\u00bb1.4em\u00bb background_size=\u00bbinitial\u00bb background_position=\u00bbtop_left\u00bb background_repeat=\u00bbrepeat\u00bb max_width=\u00bb450px\u00bb custom_padding=\u00bb30px|||\u00bb animation_style=\u00bbslide\u00bb animation_direction=\u00bbtop\u00bb animation_delay=\u00bb200ms\u00bb [&hellip;]<\/p>\n","protected":false},"author":1,"featured_media":0,"parent":0,"menu_order":0,"comment_status":"closed","ping_status":"closed","template":"","meta":{"_et_pb_use_builder":"on","_et_pb_old_content":"","_et_gb_content_width":"","footnotes":""},"_links":{"self":[{"href":"https:\/\/intrastaduana.com\/index.php\/wp-json\/wp\/v2\/pages\/37"}],"collection":[{"href":"https:\/\/intrastaduana.com\/index.php\/wp-json\/wp\/v2\/pages"}],"about":[{"href":"https:\/\/intrastaduana.com\/index.php\/wp-json\/wp\/v2\/types\/page"}],"author":[{"embeddable":true,"href":"https:\/\/intrastaduana.com\/index.php\/wp-json\/wp\/v2\/users\/1"}],"replies":[{"embeddable":true,"href":"https:\/\/intrastaduana.com\/index.php\/wp-json\/wp\/v2\/comments?post=37"}],"version-history":[{"count":30,"href":"https:\/\/intrastaduana.com\/index.php\/wp-json\/wp\/v2\/pages\/37\/revisions"}],"predecessor-version":[{"id":376,"href":"https:\/\/intrastaduana.com\/index.php\/wp-json\/wp\/v2\/pages\/37\/revisions\/376"}],"wp:attachment":[{"href":"https:\/\/intrastaduana.com\/index.php\/wp-json\/wp\/v2\/media?parent=37"}],"curies":[{"name":"wp","href":"https:\/\/api.w.org\/{rel}","templated":true}]}}