{"id":64,"date":"2018-09-27T18:35:51","date_gmt":"2018-09-27T17:35:51","guid":{"rendered":"http:\/\/intrastaduana.com\/?page_id=64"},"modified":"2018-12-11T23:16:55","modified_gmt":"2018-12-11T23:16:55","slug":"servicios","status":"publish","type":"page","link":"https:\/\/intrastaduana.com\/index.php\/servicios\/","title":{"rendered":"Servicios"},"content":{"rendered":"<p>[et_pb_section bb_built=\u00bb1&#8243; admin_label=\u00bbHero Section\u00bb background_color=\u00bb#233b4e\u00bb fullwidth=\u00bbon\u00bb _builder_version=\u00bb3.0.76&#8243; parallax=\u00bbon\u00bb custom_padding=\u00bb0px|0px|0px|0px\u00bb next_background_color=\u00bb#ffffff\u00bb][et_pb_fullwidth_header admin_label=\u00bbHero\u00bb title=\u00bbNuestros servicios\u00bb header_fullscreen=\u00bbon\u00bb background_overlay_color=\u00bbrgba(29,38,51,0.86)\u00bb content_max_width=\u00bb700px\u00bb _builder_version=\u00bb3.15&#8243; title_font=\u00bbOswald|on||on|\u00bb title_font_size=\u00bb80px\u00bb title_line_height=\u00bb1.3em\u00bb content_font=\u00bbRoboto||||\u00bb content_font_size=\u00bb20px\u00bb content_line_height=\u00bb1.7em\u00bb background_image=\u00bbhttp:\/\/intrastaduana.com\/wp-content\/uploads\/2018\/10\/cajas.jpg\u00bb parallax=\u00bbon\u00bb parallax_method=\u00bbon\u00bb custom_button_one=\u00bbon\u00bb button_one_border_radius=\u00bb0px\u00bb button_one_letter_spacing=\u00bb4px\u00bb button_one_font=\u00bbOswald|on||on|\u00bb button_one_icon=\u00bb%%3%%\u00bb button_one_icon_color=\u00bb#ffffff\u00bb button_one_text_color_hover=\u00bb#ffffff\u00bb button_one_bg_color_hover=\u00bbrgba(0,0,0,0)\u00bb button_one_border_color_hover=\u00bb#ffffff\u00bb button_one_border_radius_hover=\u00bb0px\u00bb button_one_letter_spacing_hover=\u00bb4px\u00bb animation_style=\u00bbzoom\u00bb animation_direction=\u00bbbottom\u00bb animation_intensity_zoom=\u00bb4%\u00bb background_color=\u00bbrgba(255, 255, 255, 0)\u00bb]<\/p>\n<p>Durante los \u00faltimos a\u00f1os hemos prestado servicios a empresas de todos los tama\u00f1os y lugares.&nbsp;Simplemente conc\u00e9ntrese en su negocio y deje en nuestras manos su producto. Haremos que llegue a su destino a tiempo pase lo que pase. Estamos para servirle.<\/p>\n<p>[\/et_pb_fullwidth_header][\/et_pb_section][et_pb_section bb_built=\u00bb1&#8243; prev_background_color=\u00bb#233b4e\u00bb next_background_color=\u00bbrgba(0,0,0,0.5)\u00bb][et_pb_row _builder_version=\u00bb3.15&#8243; global_module=\u00bb236&#8243;][et_pb_column type=\u00bb1_2&#8243;][et_pb_text admin_label=\u00bbTop Destination Title\u00bb global_parent=\u00bb236&#8243; _builder_version=\u00bb3.15&#8243; text_font=\u00bb||||\u00bb text_text_color=\u00bb#1a1a1a\u00bb header_font=\u00bbOswald|on||on|\u00bb header_text_align=\u00bbleft\u00bb header_font_size=\u00bb60px\u00bb header_line_height=\u00bb1.3em\u00bb custom_margin=\u00bb|||\u00bb custom_padding=\u00bb|||\u00bb animation_style=\u00bbslide\u00bb animation_direction=\u00bbtop\u00bb animation_intensity_slide=\u00bb10%\u00bb locked=\u00bboff\u00bb]<\/p>\n<h1>Versatilidad de servicios<\/h1>\n<p>[\/et_pb_text][et_pb_divider global_parent=\u00bb236&#8243; color=\u00bb#01a0c7&#8243; divider_position=\u00bbcenter\u00bb divider_weight=\u00bb3px\u00bb height=\u00bbfalse\u00bb disabled_on=\u00bboff|off|off\u00bb _builder_version=\u00bb3.15&#8243; max_width=\u00bb150px\u00bb animation_style=\u00bbslide\u00bb animation_direction=\u00bbtop\u00bb animation_delay=\u00bb100ms\u00bb animation_intensity_slide=\u00bb10%\u00bb locked=\u00bboff\u00bb \/][et_pb_text admin_label=\u00bbTop Destination Sub Title\u00bb global_parent=\u00bb236&#8243; _builder_version=\u00bb3.15&#8243; text_font=\u00bbRoboto||||\u00bb text_font_size=\u00bb24px\u00bb text_text_color=\u00bb#1a1a1a\u00bb text_line_height=\u00bb1.4em\u00bb custom_padding=\u00bb30px|||\u00bb animation_style=\u00bbslide\u00bb animation_direction=\u00bbtop\u00bb animation_delay=\u00bb200ms\u00bb animation_intensity_slide=\u00bb10%\u00bb locked=\u00bboff\u00bb]<\/p>\n<p>Nuestro objetivo es satisfacer las demandas de cada cliente en t\u00e9rminos de costes, efectividad y flexibilidad.<\/p>\n<p>[\/et_pb_text][\/et_pb_column][et_pb_column type=\u00bb1_2&#8243;][et_pb_text admin_label=\u00bbTop Destination Text\u00bb global_parent=\u00bb236&#8243; _builder_version=\u00bb3.15&#8243; text_font=\u00bbRoboto||||\u00bb text_font_size=\u00bb16px\u00bb text_line_height=\u00bb1.9em\u00bb custom_padding=\u00bb||60px|\u00bb animation_style=\u00bbslide\u00bb animation_direction=\u00bbtop\u00bb animation_intensity_slide=\u00bb4%\u00bb locked=\u00bboff\u00bb]<\/p>\n<p>En estos d\u00edas de creciente complejidad en la industria log\u00edstica, se necesitan servicios especializados en varias actividades:<\/p>\n<ul>\n<li>Transportes nacionales e internacionales.<\/li>\n<li>Aduanas.<\/li>\n<li>Almacenes y dep\u00f3sitos aduaneros<\/li>\n<li>Log\u00edstica global<\/li>\n<\/ul>\n<p>Todos estos servicios los flexibilizamos para adaptarlos a las necesidades del cliente, minimizando los costes de transporte sin perder calidad de servicio, seleccionando cuidadosamente los colaboradores con el fin de garantizar y agilizar las entregas.<\/p>\n<p>\u00a0<\/p>\n<p>[\/et_pb_text][\/et_pb_column][\/et_pb_row][et_pb_row admin_label=\u00bbGallery\u00bb make_fullwidth=\u00bbon\u00bb use_custom_gutter=\u00bbon\u00bb gutter_width=\u00bb1&#8243; custom_padding=\u00bb|||\u00bb make_equal=\u00bbon\u00bb _builder_version=\u00bb3.15&#8243; global_module=\u00bb237&#8243;][et_pb_column type=\u00bb1_4&#8243;][et_pb_image global_parent=\u00bb237&#8243; src=\u00bbhttp:\/\/intrastaduana.com\/wp-content\/uploads\/2018\/10\/aduana.jpg\u00bb show_in_lightbox=\u00bbon\u00bb force_fullwidth=\u00bbon\u00bb _builder_version=\u00bb3.15&#8243; animation_style=\u00bbzoom\u00bb animation_intensity_zoom=\u00bb10%\u00bb \/][\/et_pb_column][et_pb_column type=\u00bb1_4&#8243;][et_pb_image global_parent=\u00bb237&#8243; src=\u00bbhttp:\/\/intrastaduana.com\/wp-content\/uploads\/2018\/10\/transporte.jpg\u00bb show_in_lightbox=\u00bbon\u00bb force_fullwidth=\u00bbon\u00bb _builder_version=\u00bb3.15&#8243; animation_style=\u00bbzoom\u00bb animation_delay=\u00bb100ms\u00bb animation_intensity_zoom=\u00bb10%\u00bb locked=\u00bboff\u00bb \/][\/et_pb_column][et_pb_column type=\u00bb1_4&#8243;][et_pb_image global_parent=\u00bb237&#8243; src=\u00bbhttp:\/\/intrastaduana.com\/wp-content\/uploads\/2018\/10\/descarga.jpg\u00bb show_in_lightbox=\u00bbon\u00bb force_fullwidth=\u00bbon\u00bb _builder_version=\u00bb3.15&#8243; animation_style=\u00bbzoom\u00bb animation_delay=\u00bb200ms\u00bb animation_intensity_zoom=\u00bb10%\u00bb locked=\u00bboff\u00bb \/][\/et_pb_column][et_pb_column type=\u00bb1_4&#8243;][et_pb_image global_parent=\u00bb237&#8243; src=\u00bbhttp:\/\/intrastaduana.com\/wp-content\/uploads\/2018\/10\/almacen2.jpg\u00bb show_in_lightbox=\u00bbon\u00bb force_fullwidth=\u00bbon\u00bb _builder_version=\u00bb3.15&#8243; animation_style=\u00bbzoom\u00bb animation_delay=\u00bb300ms\u00bb animation_intensity_zoom=\u00bb10%\u00bb locked=\u00bboff\u00bb \/][\/et_pb_column][\/et_pb_row][\/et_pb_section][et_pb_section bb_built=\u00bb1&#8243; admin_label=\u00bbOffer\u00bb background_color=\u00bbrgba(0,0,0,0.5)\u00bb custom_padding_last_edited=\u00bbon|tablet\u00bb _builder_version=\u00bb3.15&#8243; background_image=\u00bbhttp:\/\/intrastaduana.com\/wp-content\/uploads\/2018\/10\/descarga1.jpg\u00bb background_blend=\u00bbcolor\u00bb custom_padding=\u00bb120px||120px|\u00bb custom_padding_tablet=\u00bb80px||80px|\u00bb prev_background_color=\u00bb#ffffff\u00bb background_position=\u00bbbottom_left\u00bb][et_pb_row custom_margin=\u00bb|||\u00bb _builder_version=\u00bb3.15&#8243;][et_pb_column type=\u00bb4_4&#8243;][et_pb_text admin_label=\u00bbCTA Section Title\u00bb background_layout=\u00bbdark\u00bb _builder_version=\u00bb3.15&#8243; text_font=\u00bb||||\u00bb header_font=\u00bbOswald|on||on|\u00bb header_text_align=\u00bbcenter\u00bb header_font_size=\u00bb60px\u00bb header_line_height=\u00bb1.3em\u00bb background_size=\u00bbinitial\u00bb background_position=\u00bbtop_left\u00bb background_repeat=\u00bbrepeat\u00bb module_alignment=\u00bbcenter\u00bb custom_margin=\u00bb|||\u00bb custom_padding=\u00bb|||\u00bb animation_style=\u00bbzoom\u00bb animation_delay=\u00bb100ms\u00bb animation_intensity_zoom=\u00bb20%\u00bb locked=\u00bboff\u00bb]<\/p>\n<h1>\u00bfNecesitas nuestros servicios?<\/h1>\n<p>[\/et_pb_text][et_pb_divider show_divider=\u00bbon\u00bb divider_position=\u00bbcenter\u00bb divider_weight=\u00bb3px\u00bb height=\u00bbfalse\u00bb disabled_on=\u00bbon|on|off%22&#8243; _builder_version=\u00bb3.15&#8243; max_width=\u00bb150px\u00bb module_alignment=\u00bbcenter\u00bb animation_style=\u00bbzoom\u00bb animation_delay=\u00bb200ms\u00bb animation_intensity_zoom=\u00bb20%\u00bb locked=\u00bboff\u00bb color=\u00bb#ffffff\u00bb \/][et_pb_text background_layout=\u00bbdark\u00bb _builder_version=\u00bb3.15&#8243; text_font=\u00bbRoboto||||\u00bb text_font_size=\u00bb24px\u00bb text_line_height=\u00bb1.4em\u00bb background_size=\u00bbinitial\u00bb background_position=\u00bbtop_left\u00bb background_repeat=\u00bbrepeat\u00bb text_orientation=\u00bbcenter\u00bb max_width=\u00bb750px\u00bb module_alignment=\u00bbcenter\u00bb custom_padding=\u00bb30px||40px|\u00bb animation_style=\u00bbzoom\u00bb animation_delay=\u00bb300ms\u00bb animation_intensity_zoom=\u00bb20%\u00bb]<\/p>\n<p>Puedes mandarnos tus dudas o solicitar un presupuesto<\/p>\n<p>[\/et_pb_text][et_pb_button button_text=\u00bbCont\u00e1ctanos\u00bb button_alignment=\u00bbcenter\u00bb background_layout=\u00bbdark\u00bb _builder_version=\u00bb3.15&#8243; custom_button=\u00bbon\u00bb button_text_color=\u00bb#ffffff\u00bb button_border_radius=\u00bb0px\u00bb button_letter_spacing=\u00bb4px\u00bb button_font=\u00bbOswald|on||on|\u00bb button_icon=\u00bb%%3%%\u00bb button_icon_color=\u00bb#ffffff\u00bb button_bg_color_hover=\u00bbrgba(0,0,0,0)\u00bb button_border_color_hover=\u00bb#ffffff\u00bb button_border_radius_hover=\u00bb0px\u00bb button_letter_spacing_hover=\u00bb4px\u00bb animation_style=\u00bbzoom\u00bb animation_delay=\u00bb400ms\u00bb animation_intensity_zoom=\u00bb20%\u00bb button_url=\u00bbhttp:\/\/intrastaduana.com\/index.php\/contacto\/\u00bb \/][\/et_pb_column][\/et_pb_row][\/et_pb_section]<\/p>\n","protected":false},"excerpt":{"rendered":"<p>[et_pb_section bb_built=\u00bb1&#8243; admin_label=\u00bbHero Section\u00bb background_color=\u00bb#233b4e\u00bb fullwidth=\u00bbon\u00bb _builder_version=\u00bb3.0.76&#8243; parallax=\u00bbon\u00bb custom_padding=\u00bb0px|0px|0px|0px\u00bb next_background_color=\u00bb#ffffff\u00bb][et_pb_fullwidth_header admin_label=\u00bbHero\u00bb title=\u00bbNuestros servicios\u00bb header_fullscreen=\u00bbon\u00bb background_overlay_color=\u00bbrgba(29,38,51,0.86)\u00bb content_max_width=\u00bb700px\u00bb _builder_version=\u00bb3.15&#8243; title_font=\u00bbOswald|on||on|\u00bb title_font_size=\u00bb80px\u00bb title_line_height=\u00bb1.3em\u00bb content_font=\u00bbRoboto||||\u00bb content_font_size=\u00bb20px\u00bb content_line_height=\u00bb1.7em\u00bb background_image=\u00bbhttp:\/\/intrastaduana.com\/wp-content\/uploads\/2018\/10\/cajas.jpg\u00bb parallax=\u00bbon\u00bb parallax_method=\u00bbon\u00bb custom_button_one=\u00bbon\u00bb button_one_border_radius=\u00bb0px\u00bb button_one_letter_spacing=\u00bb4px\u00bb button_one_font=\u00bbOswald|on||on|\u00bb button_one_icon=\u00bb%%3%%\u00bb button_one_icon_color=\u00bb#ffffff\u00bb button_one_text_color_hover=\u00bb#ffffff\u00bb button_one_bg_color_hover=\u00bbrgba(0,0,0,0)\u00bb button_one_border_color_hover=\u00bb#ffffff\u00bb button_one_border_radius_hover=\u00bb0px\u00bb button_one_letter_spacing_hover=\u00bb4px\u00bb animation_style=\u00bbzoom\u00bb animation_direction=\u00bbbottom\u00bb animation_intensity_zoom=\u00bb4%\u00bb background_color=\u00bbrgba(255, 255, 255, 0)\u00bb] Durante los \u00faltimos a\u00f1os hemos prestado servicios a empresas de todos [&hellip;]<\/p>\n","protected":false},"author":1,"featured_media":0,"parent":0,"menu_order":0,"comment_status":"closed","ping_status":"closed","template":"","meta":{"_et_pb_use_builder":"on","_et_pb_old_content":"","_et_gb_content_width":"","footnotes":""},"_links":{"self":[{"href":"https:\/\/intrastaduana.com\/index.php\/wp-json\/wp\/v2\/pages\/64"}],"collection":[{"href":"https:\/\/intrastaduana.com\/index.php\/wp-json\/wp\/v2\/pages"}],"about":[{"href":"https:\/\/intrastaduana.com\/index.php\/wp-json\/wp\/v2\/types\/page"}],"author":[{"embeddable":true,"href":"https:\/\/intrastaduana.com\/index.php\/wp-json\/wp\/v2\/users\/1"}],"replies":[{"embeddable":true,"href":"https:\/\/intrastaduana.com\/index.php\/wp-json\/wp\/v2\/comments?post=64"}],"version-history":[{"count":12,"href":"https:\/\/intrastaduana.com\/index.php\/wp-json\/wp\/v2\/pages\/64\/revisions"}],"predecessor-version":[{"id":345,"href":"https:\/\/intrastaduana.com\/index.php\/wp-json\/wp\/v2\/pages\/64\/revisions\/345"}],"wp:attachment":[{"href":"https:\/\/intrastaduana.com\/index.php\/wp-json\/wp\/v2\/media?parent=64"}],"curies":[{"name":"wp","href":"https:\/\/api.w.org\/{rel}","templated":true}]}}