{"id":67,"date":"2018-09-27T18:37:17","date_gmt":"2018-09-27T17:37:17","guid":{"rendered":"http:\/\/intrastaduana.com\/?page_id=67"},"modified":"2018-12-11T23:19:41","modified_gmt":"2018-12-11T23:19:41","slug":"transportes","status":"publish","type":"page","link":"https:\/\/intrastaduana.com\/index.php\/transportes\/","title":{"rendered":"transportes"},"content":{"rendered":"<p>[et_pb_section bb_built=\u00bb1&#8243; admin_label=\u00bbHero Section\u00bb background_color=\u00bb#233b4e\u00bb fullwidth=\u00bbon\u00bb _builder_version=\u00bb3.15&#8243; parallax=\u00bbon\u00bb custom_padding=\u00bb0px|0px|0px|0px\u00bb next_background_color=\u00bb#ffffff\u00bb][et_pb_fullwidth_header admin_label=\u00bbHero\u00bb title=\u00bbTransportes\u00bb header_fullscreen=\u00bbon\u00bb background_overlay_color=\u00bbrgba(29,38,51,0.86)\u00bb content_max_width=\u00bb700px\u00bb _builder_version=\u00bb3.15&#8243; title_font=\u00bbOswald|on||on|\u00bb title_font_size=\u00bb80px\u00bb title_line_height=\u00bb1.3em\u00bb content_font=\u00bbRoboto||||\u00bb content_font_size=\u00bb20px\u00bb content_line_height=\u00bb1.7em\u00bb background_image=\u00bbhttp:\/\/intrastaduana.com\/wp-content\/uploads\/2018\/10\/tierramaraire.jpg\u00bb parallax=\u00bbon\u00bb parallax_method=\u00bbon\u00bb custom_button_one=\u00bbon\u00bb button_one_border_radius=\u00bb0px\u00bb button_one_letter_spacing=\u00bb4px\u00bb button_one_font=\u00bbOswald|on||on|\u00bb button_one_icon=\u00bb%%3%%\u00bb button_one_icon_color=\u00bb#ffffff\u00bb button_one_text_color_hover=\u00bb#ffffff\u00bb button_one_bg_color_hover=\u00bbrgba(0,0,0,0)\u00bb button_one_border_color_hover=\u00bb#ffffff\u00bb button_one_border_radius_hover=\u00bb0px\u00bb button_one_letter_spacing_hover=\u00bb4px\u00bb animation_style=\u00bbzoom\u00bb animation_direction=\u00bbbottom\u00bb animation_intensity_zoom=\u00bb4%\u00bb background_color=\u00bbrgba(255, 255, 255, 0)\u00bb background_position=\u00bbtop_left\u00bb background_repeat=\u00bbrepeat\u00bb background_size=\u00bbinitial\u00bb]<\/p>\n<div>\n<p>Nuestra compa\u00f1\u00eda de agentes internacionales realiza el seguimiento de su mercanc\u00eda desde el lugar de origen. Tenemos el compromiso de trabajar mano a mano para desarrollar una soluci\u00f3n de transporte que sea verdaderamente personalizada para sus necesidades.<\/p>\n<\/div>\n<p>&nbsp;<\/p>\n<p>&nbsp;<\/p>\n<p>[\/et_pb_fullwidth_header][\/et_pb_section][et_pb_section bb_built=\u00bb1&#8243; _builder_version=\u00bb3.0.69&#8243; custom_padding=\u00bb110px||110px|\u00bb prev_background_color=\u00bb#233b4e\u00bb next_background_color=\u00bbrgba(0,0,0,0.5)\u00bb][et_pb_row _builder_version=\u00bb3.0.69&#8243;][et_pb_column type=\u00bb1_2&#8243;][et_pb_text admin_label=\u00bbTitle\u00bb _builder_version=\u00bb3.15&#8243; text_font=\u00bb||||\u00bb text_text_color=\u00bb#1a1a1a\u00bb header_font=\u00bbOswald|on||on|\u00bb header_text_align=\u00bbleft\u00bb header_font_size=\u00bb60px\u00bb header_line_height=\u00bb1.3em\u00bb max_width=\u00bb450px\u00bb custom_margin=\u00bb|||\u00bb custom_padding=\u00bb|||\u00bb animation_style=\u00bbslide\u00bb animation_direction=\u00bbtop\u00bb animation_intensity_slide=\u00bb10%\u00bb locked=\u00bboff\u00bb]<\/p>\n<h2>TIERRA, MAR Y AIRE<\/h2>\n<p>[\/et_pb_text][et_pb_divider color=\u00bb#01a0c7&#8243; divider_position=\u00bbcenter\u00bb divider_weight=\u00bb3px\u00bb height=\u00bbfalse\u00bb disabled_on=\u00bbon|on|off%22&#8243; _builder_version=\u00bb3.15&#8243; max_width=\u00bb150px\u00bb custom_margin=\u00bb30px|||\u00bb animation_style=\u00bbslide\u00bb animation_direction=\u00bbtop\u00bb animation_delay=\u00bb100ms\u00bb animation_intensity_slide=\u00bb10%\u00bb locked=\u00bboff\u00bb \/][et_pb_text admin_label=\u00bbSub Title\u00bb _builder_version=\u00bb3.15&#8243; text_font=\u00bbRoboto||||\u00bb text_font_size=\u00bb24px\u00bb text_text_color=\u00bb#1a1a1a\u00bb text_line_height=\u00bb1.4em\u00bb background_size=\u00bbinitial\u00bb background_position=\u00bbtop_left\u00bb background_repeat=\u00bbrepeat\u00bb max_width=\u00bb450px\u00bb custom_padding=\u00bb30px|||\u00bb animation_style=\u00bbslide\u00bb animation_direction=\u00bbtop\u00bb animation_delay=\u00bb200ms\u00bb animation_intensity_slide=\u00bb10%\u00bb locked=\u00bboff\u00bb]<\/p>\n<p>Como operadores log\u00edsticos contamos con gran experiencia\u00a0utilizando m\u00faltiples modos de transporte (avi\u00f3n, barco y cami\u00f3n), sin ning\u00fan tipo de manejo de la carga en s\u00ed misma cuando se cambian los modos.<\/p>\n<p>[\/et_pb_text][et_pb_text _builder_version=\u00bb3.15&#8243; text_font=\u00bbRoboto||||\u00bb text_font_size=\u00bb16px\u00bb text_line_height=\u00bb1.9em\u00bb background_size=\u00bbinitial\u00bb background_position=\u00bbtop_left\u00bb background_repeat=\u00bbrepeat\u00bb max_width=\u00bb450px\u00bb custom_margin=\u00bb60|||\u00bb custom_padding=\u00bb||60px|\u00bb animation_style=\u00bbslide\u00bb animation_direction=\u00bbtop\u00bb animation_delay=\u00bb400ms\u00bb animation_intensity_slide=\u00bb4%\u00bb locked=\u00bboff\u00bb]<\/p>\n<div><\/div>\n<div>El m\u00e9todo reduce el manejo de la carga y, por lo tanto, mejora la seguridad, reduce los da\u00f1os y las p\u00e9rdidas, y permite que el transporte sea m\u00e1s r\u00e1pido.<\/div>\n<div>Nuestra red global atender\u00e1 sus necesidades espec\u00edficas de transporte y se ocupar\u00e1 de usted.<\/div>\n<div><\/div>\n<div><\/div>\n<p>&nbsp;<\/p>\n<h6><strong>TRANSPORTE A\u00c9REO<\/strong><\/h6>\n<p>El departamento de tr\u00e1fico a\u00e9reo est\u00e1 en permanente conexi\u00f3n inform\u00e1tica con las principales compa\u00f1\u00edas a\u00e9reas, Agencia Tributaria, corresponsales, clientes, etc&#8230;<\/p>\n<p>&nbsp;<\/p>\n<h6><strong>TRANSPORTE MAR\u00cdTIMO<\/strong><\/h6>\n<p>Nuestro departamento mar\u00edtimo est\u00e1 especializado en tr\u00e1fico de contenedores desde cualquier parte del mundo, tanto en importaci\u00f3n como exportaci\u00f3n.<\/p>\n<p>&nbsp;<\/p>\n<h6><strong>TRANSPORTE POR CARRETERA<\/strong><\/h6>\n<p>En Intrastaduana&nbsp;sabemos que el tiempo es esencial, por eso destacamos en servicios de carga de camiones,&nbsp; para atender de la mejor forma las necesidades de nuestros clientes.&nbsp;La reducci\u00f3n de los costos sobre el transporte por carretera es el beneficio clave para el uso intercontinental.<\/p>\n<p>&nbsp;<\/p>\n<p>Toda esta variedad de transportes nos permiten dar la agilidad necesaria en las entregas de mercanc\u00edas con unas tarifas competitivas. La rentabilidad, el servicio al cliente y la fiabilidad son las claves del \u00e9xito.<\/p>\n<p>[\/et_pb_text][\/et_pb_column][et_pb_column type=\u00bb1_2&#8243;][et_pb_image src=\u00bbhttp:\/\/intrastaduana.com\/wp-content\/uploads\/2018\/10\/transporte.jpg\u00bb force_fullwidth=\u00bbon\u00bb _builder_version=\u00bb3.15&#8243; custom_margin=\u00bb|||\u00bb animation_style=\u00bbslide\u00bb animation_duration=\u00bb500ms\u00bb animation_intensity_slide=\u00bb10%\u00bb animation=\u00bbfade_in\u00bb \/][\/et_pb_column][\/et_pb_row][\/et_pb_section][et_pb_section bb_built=\u00bb1&#8243; admin_label=\u00bbOffer\u00bb background_color=\u00bbrgba(0,0,0,0.5)\u00bb custom_padding_last_edited=\u00bbon|tablet\u00bb _builder_version=\u00bb3.15&#8243; background_image=\u00bbhttp:\/\/intrastaduana.com\/wp-content\/uploads\/2018\/10\/descarga1.jpg\u00bb background_blend=\u00bbcolor\u00bb custom_padding=\u00bb120px||120px|\u00bb custom_padding_tablet=\u00bb80px||80px|\u00bb prev_background_color=\u00bb#ffffff\u00bb][et_pb_row custom_margin=\u00bb|||\u00bb _builder_version=\u00bb3.15&#8243;][et_pb_column type=\u00bb4_4&#8243;][et_pb_text admin_label=\u00bbCTA Section Title\u00bb background_layout=\u00bbdark\u00bb _builder_version=\u00bb3.15&#8243; text_font=\u00bb||||\u00bb header_font=\u00bbOswald|on||on|\u00bb header_text_align=\u00bbcenter\u00bb header_font_size=\u00bb60px\u00bb header_line_height=\u00bb1.3em\u00bb background_size=\u00bbinitial\u00bb background_position=\u00bbtop_left\u00bb background_repeat=\u00bbrepeat\u00bb module_alignment=\u00bbcenter\u00bb custom_margin=\u00bb|||\u00bb custom_padding=\u00bb|||\u00bb animation_style=\u00bbzoom\u00bb animation_delay=\u00bb100ms\u00bb animation_intensity_zoom=\u00bb20%\u00bb locked=\u00bboff\u00bb]<\/p>\n<h1>\u00bfNecesitas nuestros servicios?<\/h1>\n<p>[\/et_pb_text][et_pb_divider show_divider=\u00bbon\u00bb divider_position=\u00bbcenter\u00bb divider_weight=\u00bb3px\u00bb height=\u00bbfalse\u00bb disabled_on=\u00bbon|on|off%22&#8243; _builder_version=\u00bb3.15&#8243; max_width=\u00bb150px\u00bb module_alignment=\u00bbcenter\u00bb animation_style=\u00bbzoom\u00bb animation_delay=\u00bb200ms\u00bb animation_intensity_zoom=\u00bb20%\u00bb locked=\u00bboff\u00bb color=\u00bb#ffffff\u00bb \/][et_pb_text background_layout=\u00bbdark\u00bb _builder_version=\u00bb3.15&#8243; text_font=\u00bbRoboto||||\u00bb text_font_size=\u00bb24px\u00bb text_line_height=\u00bb1.4em\u00bb background_size=\u00bbinitial\u00bb background_position=\u00bbtop_left\u00bb background_repeat=\u00bbrepeat\u00bb text_orientation=\u00bbcenter\u00bb max_width=\u00bb750px\u00bb module_alignment=\u00bbcenter\u00bb custom_padding=\u00bb30px||40px|\u00bb animation_style=\u00bbzoom\u00bb animation_delay=\u00bb300ms\u00bb animation_intensity_zoom=\u00bb20%\u00bb]<\/p>\n<p>Puedes mandarnos tus dudas o solicitar un presupuesto<\/p>\n<p>[\/et_pb_text][et_pb_button button_text=\u00bbCont\u00e1ctanos\u00bb button_alignment=\u00bbcenter\u00bb background_layout=\u00bbdark\u00bb _builder_version=\u00bb3.15&#8243; custom_button=\u00bbon\u00bb button_text_color=\u00bb#ffffff\u00bb button_border_radius=\u00bb0px\u00bb button_letter_spacing=\u00bb4px\u00bb button_font=\u00bbOswald|on||on|\u00bb button_icon=\u00bb%%3%%\u00bb button_icon_color=\u00bb#ffffff\u00bb button_bg_color_hover=\u00bbrgba(0,0,0,0)\u00bb button_border_color_hover=\u00bb#ffffff\u00bb button_border_radius_hover=\u00bb0px\u00bb button_letter_spacing_hover=\u00bb4px\u00bb animation_style=\u00bbzoom\u00bb animation_delay=\u00bb400ms\u00bb animation_intensity_zoom=\u00bb20%\u00bb button_url=\u00bbhttp:\/\/intrastaduana.com\/index.php\/contacto\/\u00bb \/][\/et_pb_column][\/et_pb_row][\/et_pb_section]<\/p>\n","protected":false},"excerpt":{"rendered":"<p>[et_pb_section bb_built=\u00bb1&#8243; admin_label=\u00bbHero Section\u00bb background_color=\u00bb#233b4e\u00bb fullwidth=\u00bbon\u00bb _builder_version=\u00bb3.15&#8243; parallax=\u00bbon\u00bb custom_padding=\u00bb0px|0px|0px|0px\u00bb next_background_color=\u00bb#ffffff\u00bb][et_pb_fullwidth_header admin_label=\u00bbHero\u00bb title=\u00bbTransportes\u00bb header_fullscreen=\u00bbon\u00bb background_overlay_color=\u00bbrgba(29,38,51,0.86)\u00bb content_max_width=\u00bb700px\u00bb _builder_version=\u00bb3.15&#8243; title_font=\u00bbOswald|on||on|\u00bb title_font_size=\u00bb80px\u00bb title_line_height=\u00bb1.3em\u00bb content_font=\u00bbRoboto||||\u00bb content_font_size=\u00bb20px\u00bb content_line_height=\u00bb1.7em\u00bb background_image=\u00bbhttp:\/\/intrastaduana.com\/wp-content\/uploads\/2018\/10\/tierramaraire.jpg\u00bb parallax=\u00bbon\u00bb parallax_method=\u00bbon\u00bb custom_button_one=\u00bbon\u00bb button_one_border_radius=\u00bb0px\u00bb button_one_letter_spacing=\u00bb4px\u00bb button_one_font=\u00bbOswald|on||on|\u00bb button_one_icon=\u00bb%%3%%\u00bb button_one_icon_color=\u00bb#ffffff\u00bb button_one_text_color_hover=\u00bb#ffffff\u00bb button_one_bg_color_hover=\u00bbrgba(0,0,0,0)\u00bb button_one_border_color_hover=\u00bb#ffffff\u00bb button_one_border_radius_hover=\u00bb0px\u00bb button_one_letter_spacing_hover=\u00bb4px\u00bb animation_style=\u00bbzoom\u00bb animation_direction=\u00bbbottom\u00bb animation_intensity_zoom=\u00bb4%\u00bb background_color=\u00bbrgba(255, 255, 255, 0)\u00bb background_position=\u00bbtop_left\u00bb background_repeat=\u00bbrepeat\u00bb background_size=\u00bbinitial\u00bb] Nuestra compa\u00f1\u00eda de agentes internacionales realiza el seguimiento de [&hellip;]<\/p>\n","protected":false},"author":1,"featured_media":0,"parent":0,"menu_order":0,"comment_status":"closed","ping_status":"closed","template":"","meta":{"_et_pb_use_builder":"on","_et_pb_old_content":"","_et_gb_content_width":"","footnotes":""},"_links":{"self":[{"href":"https:\/\/intrastaduana.com\/index.php\/wp-json\/wp\/v2\/pages\/67"}],"collection":[{"href":"https:\/\/intrastaduana.com\/index.php\/wp-json\/wp\/v2\/pages"}],"about":[{"href":"https:\/\/intrastaduana.com\/index.php\/wp-json\/wp\/v2\/types\/page"}],"author":[{"embeddable":true,"href":"https:\/\/intrastaduana.com\/index.php\/wp-json\/wp\/v2\/users\/1"}],"replies":[{"embeddable":true,"href":"https:\/\/intrastaduana.com\/index.php\/wp-json\/wp\/v2\/comments?post=67"}],"version-history":[{"count":10,"href":"https:\/\/intrastaduana.com\/index.php\/wp-json\/wp\/v2\/pages\/67\/revisions"}],"predecessor-version":[{"id":347,"href":"https:\/\/intrastaduana.com\/index.php\/wp-json\/wp\/v2\/pages\/67\/revisions\/347"}],"wp:attachment":[{"href":"https:\/\/intrastaduana.com\/index.php\/wp-json\/wp\/v2\/media?parent=67"}],"curies":[{"name":"wp","href":"https:\/\/api.w.org\/{rel}","templated":true}]}}