{"id":81,"date":"2018-09-27T18:51:16","date_gmt":"2018-09-27T17:51:16","guid":{"rendered":"http:\/\/intrastaduana.com\/?page_id=81"},"modified":"2018-12-22T18:10:37","modified_gmt":"2018-12-22T18:10:37","slug":"politica-de-privacidad","status":"publish","type":"page","link":"https:\/\/intrastaduana.com\/index.php\/politica-de-privacidad\/","title":{"rendered":"Pol\u00edtica de privacidad"},"content":{"rendered":"<p>Pol\u00edtica de privacidad<br \/>\nEsta pol\u00edtica de privacidad establece la forma en que se van a gestionar los datos personales en esta web. Es imprescindible que la leas y aceptes antes de seguir navegando.<\/p>\n<p>En esta declaraci\u00f3n de privacidad se explica qu\u00e9 datos personales recopilamos de nuestros usuarios y c\u00f3mo los utilizamos.<\/p>\n<p>Lee detenidamente nuestra pol\u00edtica de privacidad antes de facilitar tus datos.<\/p>\n<p>Esta web respetan y cuida los datos personales de sus usuarios. Como usuario debes saber que tus derechos est\u00e1n garantizados.<\/p>\n<p>Nunca solicitamos informaci\u00f3n personal a menos que realmente sea necesaria para prestarte los servicios que nos requieras.<br \/>\nNunca compartimos informaci\u00f3n personal de nuestros usuarios con nadie, excepto para cumplir con la ley o en caso que contemos con tu autorizaci\u00f3n expresa.<br \/>\nNunca utilizaremos tus datos personales con una finalidad diferente a la expresada en esta pol\u00edtica de privacidad.<br \/>\nIntrastaduana ha adecuado esta web a las exigencias de la Ley Org\u00e1nica 15\/1999, de 13 de diciembre, de Protecci\u00f3n de Datos de Car\u00e1cter Personal (LOPD), y al Real Decreto 1720\/2007, de 21 de diciembre, conocido como el Reglamento de desarrollo de la LOPD. Cumple tambi\u00e9n con el Reglamento (UE) 2016\/679 del Parlamento Europeo y del Consejo de 27 de abril de 2016 relativo a la protecci\u00f3n de las personas f\u00edsicas (RGPD), as\u00ed como con la Ley 34\/2002, de 11 de julio, de Servicios de la Sociedad de la Informaci\u00f3n y Comercio Electr\u00f3nico (LSSICE o LSSI).<\/p>\n<p>Responsable del tratamiento de tus datos personales<br \/>\nIdentidad del Responsable: Ruth S\u00e1nchez Fernandez<br \/>\nCorreo electr\u00f3nico: Intrastaduana@Intrastaduana.com<br \/>\nActividad: Servicios de logistica<br \/>\nA efectos de lo previsto en el Reglamento General de Protecci\u00f3n de Datos antes citado, los datos personales que nos env\u00edes a trav\u00e9s de los formularios de la web, recibir\u00e1n el tratamiento de datos de \u201cUsuarios de la web\u201d.<\/p>\n<p>Para el tratamiento de datos de nuestros usuarios, implementamos todas las medidas t\u00e9cnicas y organizativas de seguridad establecidas en la legislaci\u00f3n vigente.<\/p>\n<p>\u00bfC\u00f3mo hemos obtenido tus datos?<br \/>\nLos datos personales que tratamos en Intrastaduana proceden de:<\/p>\n<p>Formulario de contacto<br \/>\n\u00bfCon qu\u00e9 finalidad tratamos tus datos personales?<br \/>\nCuando un usuario se conecta con esta web, facilita informaci\u00f3n de car\u00e1cter personal entre las que podemos encontrar, su nombre, correo electr\u00f3nico, IP, tel\u00e9fono de contacto entre otros. Al facilitar esta informaci\u00f3n, el usuario da su consentimiento, para recopilar, gestionar, utilizar y almacenar a Mipsicoterapiamadrid.es, en las condiciones que describe esta pol\u00edtica de privacidad.<\/p>\n<p>En Intrastaduana.com existen diferentes sistemas de captura de informaci\u00f3n personal y trato la informaci\u00f3n que nos facilitan las personas interesadas con el siguiente fin por cada sistema de captura:<\/p>\n<p>Formulario de contacto: Aqu\u00ed te solicitamos tu nombre y E-Mail. Te pedimos estos datos para poder contestarte a las dudas, preguntas, comentarios o solicitudes de informaci\u00f3n que hagas a trav\u00e9s de dicho formulario. Estos datos estar\u00e1n ubicados en los servidores de Dinahosting (mi proveedor de Hosting), en su centro de datos dentro de la UE. Ver la pol\u00edtica de privacidad de Dinahosting.<\/p>\n<p>Existen otras finalidades por la que tratamos tus datos personales:<\/p>\n<p>Para garantizar el cumplimiento de las condiciones de uso y la ley aplicable. Esto puede incluir el desarrollo de herramientas y algoritmos que ayudan a esta web a garantizar la confidencialidad de los datos personales que recoge.<br \/>\nPara apoyar y mejorar los servicios que ofrece esta web.<br \/>\nTambi\u00e9n se recogen otros datos no identificativos que se obtienen mediante algunas cookies que se descargan en el ordenador del usuario cuando navega en esta web que est\u00e1n detalladas en la pol\u00edtica de cookies.<br \/>\nDe acuerdo a lo establecido en el reglamento general de protecci\u00f3n de datos europeo (RGPD) 2016\/679, Intrastaduana.com, ser\u00e1 responsable del tratamiento de los datos correspondientes a Usuarios de la web.<\/p>\n<p>Intrastaduana.com, no vende, alquila ni cede datos de car\u00e1cter personal que puedan identificar al usuario, ni lo har\u00e1 en el futuro.<\/p>\n<p>Principios que aplicaremos a tu informaci\u00f3n personal<br \/>\nEl tratamiento de los datos personales del Usuario se someter\u00e1 a los siguientes principios recogidos en el art\u00edculo 5 del RGPD:<\/p>\n<p>Principio de licitud, lealtad y transparencia: se requerir\u00e1 en todo momento el consentimiento del Usuario previa informaci\u00f3n completamente transparente de los fines para los cuales se recogen los datos personales.<br \/>\nPrincipio de limitaci\u00f3n de la finalidad: los datos personales ser\u00e1n recogidos con fines determinados, expl\u00edcitos y leg\u00edtimos.<br \/>\nPrincipio de minimizaci\u00f3n de datos: los datos personales recogidos ser\u00e1n \u00fanicamente los estrictamente necesarios en relaci\u00f3n con los fines para los que son tratados.<br \/>\nPrincipio de exactitud: los datos personales deben ser exactos y estar siempre actualizados.<br \/>\nPrincipio de limitaci\u00f3n del plazo de conservaci\u00f3n: los datos personales solo ser\u00e1n mantenidos de forma que se permita la identificaci\u00f3n del Usuario durante el tiempo necesario para los fines de su tratamiento.<br \/>\nPrincipio de integridad y confidencialidad: los datos personales ser\u00e1n tratados de manera que se garantice su seguridad y confidencialidad.<br \/>\nPrincipio de responsabilidad proactiva: el Responsable del tratamiento ser\u00e1 responsable de asegurar que los principios anteriores se cumplen.<br \/>\n\u00bfCu\u00e1les son tus derechos cuando nos facilitas tus datos?<br \/>\nCualquier persona tiene derecho a obtener confirmaci\u00f3n sobre si en Mipsicoterapiamadrid.es estamos tratando sus datos personales.<\/p>\n<p>Las personas interesadas tienen derecho a:<\/p>\n<p>Solicitar el acceso a los datos personales relativos al interesado<br \/>\nSolicitar su rectificaci\u00f3n o supresi\u00f3n<br \/>\nSolicitar la limitaci\u00f3n de su tratamiento<br \/>\nOponerse al tratamiento<br \/>\nSolicitar la portabilidad de los datos<br \/>\nLos interesados podr\u00e1n acceder a sus datos personales, as\u00ed como a solicitar la rectificaci\u00f3n de los datos inexactos o, en su caso, solicitar su supresi\u00f3n de los mismos, entre otros motivos, que los datos ya no sean necesarios para los fines que fueron recogidos. En determinadas circunstancias, los interesados podr\u00e1n solicitar la limitaci\u00f3n del tratamiento de sus datos, en cuyo caso \u00fanicamente ser\u00e1n conservados para el ejercicio o la defensa de reclamaciones.<\/p>\n<p>En determinadas circunstancias y por motivos relacionados con su situaci\u00f3n particular, los interesados podr\u00e1n oponerse al tratamiento de sus datos. Intrastaduana.com dejar\u00e1 de tratar los datos, salvo por motivos leg\u00edtimos imperiosos, o el ejercicio o la defensa de posibles reclamaciones. C\u00f3mo interesado, tienes derecho a recibir los datos personales que te incumban, que nos hayas facilitado y en un formato estructurado, de uso com\u00fan y lectura mec\u00e1nica, y a transmitirlos a otro responsable del tratamiento cuando:<\/p>\n<p>El tratamiento est\u00e9 basado en el consentimiento.<br \/>\nLos datos hayan sido facilitados por la persona interesada.<br \/>\nEl tratamiento se efect\u00fae por medios automatizados.<br \/>\nAl ejercer tu derecho a la portabilidad de los datos, tendr\u00e1s derecho a que los datos personales se transmitan directamente de responsable a responsable cuando sea t\u00e9cnicamente posible.<\/p>\n<p>Los interesados tambi\u00e9n tendr\u00e1n derecho a la tutela judicial efectiva y a presentar una reclamaci\u00f3n ante la autoridad de control, en este caso, la Agencia Espa\u00f1ola de Protecci\u00f3n de Datos, si consideran que el tratamiento de datos personales que le conciernen infringe el Reglamento.<\/p>\n<p>Legitimaci\u00f3n para el tratamiento de tus datos<br \/>\nLa base legal para el tratamiento de sus datos es: el consentimiento.<\/p>\n<p>Para contactar o realizar comentarios en esta web se requiere el consentimiento con esta pol\u00edtica de privacidad.<\/p>\n<p>La oferta prospectiva o comercial de productos y servicios est\u00e1 basada en el consentimiento que se le solicita, sin que en ning\u00fan caso la retirada de este consentimiento condicione la ejecuci\u00f3n del contrato de suscripci\u00f3n.<\/p>\n<p>\u00bfA qu\u00e9 destinatarios se comunicar\u00e1n tus datos?<br \/>\nAlgunas herramientas que utilizamos para gestionar tus datos son contratados por terceros.<\/p>\n<p>Para prestar servicios estrictamente necesarios para el desarrollo de la actividad, Intrastaduana.com comparte datos con el siguiente prestador bajo sus correspondientes condiciones de privacidad:<\/p>\n<p>Hosting: Dinahosting S.L. B-15805419 R\u00faa das Salvadas 41, baixo 15705 Santiago de Compostela (A Coru\u00f1a) . M\u00e1s informaci\u00f3n en su p\u00e1gina web. Dinahosting trata los datos con la finalidad de realizar sus servicios de hosting a Intrastaduana.com. Puedes consultar su pol\u00edtica de privacidad.<\/p>\n<p>Menores de edad<br \/>\nComo se indica en las Condiciones, los menores de edad no podr\u00e1n usar Intrastaduana.com, por lo que deber\u00e1n abstenerse asimismo de facilitar cualesquiera datos. En cualquier caso Intrastaduana.com no se responsabiliza de la veracidad y exactitud de los datos rellenados por el usuario y por tanto no puede constatar la edad de los mismos.<\/p>\n<p>Navegaci\u00f3n<br \/>\nAl navegar por Intrastaduana.com se pueden recoger datos no identificables, que pueden incluir, direcciones IP, ubicaci\u00f3n geogr\u00e1fica (aproximadamente), un registro de c\u00f3mo se utilizan los servicios y sitios, y otros datos que no pueden ser utilizados para identificar al usuario. Utilizamos estos datos para administrar el sitio y recabar informaci\u00f3n demogr\u00e1fica y estad\u00edstica sobre el conjunto de clientes.<\/p>\n<p>Secreto y seguridad de los datos<br \/>\nIntrastaduana.com se compromete en el uso y tratamiento de los datos incluidos personales de los usuarios, respetando su confidencialidad y a utilizarlos de acuerdo con la finalidad del mismo, as\u00ed como a dar cumplimiento a su obligaci\u00f3n de guardarlos y adaptar todas las medidas para evitar la alteraci\u00f3n, p\u00e9rdida, tratamiento o acceso no autorizado, de conformidad con lo establecido en la normativa vigente de protecci\u00f3n de datos.<\/p>\n<p>Sin embargo, debido a que Intrastaduana.com no puede garantizar la inexpugabilidad de internet ni la ausencia total de hackers u otros que accedan de modo fraudulento a los datos personales, el Responsable del tratamiento se compromete a comunicar al Usuario sin dilaci\u00f3n indebida cuando ocurra una violaci\u00f3n de la seguridad de los datos personales que sea probable que entra\u00f1e un alto riesgo para los derechos y libertades de las personas f\u00edsicas. Siguiendo lo establecido en el art\u00edculo 4 del RGPD, se entiende por violaci\u00f3n de la seguridad de los datos personales toda violaci\u00f3n de la seguridad que ocasione la destrucci\u00f3n, p\u00e9rdida o alteraci\u00f3n accidental o il\u00edcita de datos personales transmitidos, conservados o tratados de otra forma, o la comunicaci\u00f3n o acceso no autorizados a dichos datos.<\/p>\n<p>Los datos personales ser\u00e1n tratados como confidenciales por el Responsable del tratamiento, quien se compromete a informar de y a garantizar por medio de una obligaci\u00f3n legal o contractual que dicha confidencialidad sea respetada por sus empleados, asociados, y toda persona a la cual le haga accesible la informaci\u00f3n.<\/p>\n<p>Exactitud y veracidad de los datos<br \/>\nComo usuario, eres el \u00fanico responsable de la veracidad y correcci\u00f3n de los datos que remitas a Intrastaduana.com, que quedar\u00e1 exonerado de cualquier responsabilidad al respecto.<\/p>\n<p>Los usuarios garantizan y responden, en cualquier caso, de la exactitud, vigencia y autenticidad de los datos personales facilitados, y se comprometen a mantenerlos debidamente actualizados. El usuario acepta proporcionar informaci\u00f3n completa y correcta en los formularios de contacto, suscripci\u00f3n y registro.<\/p>\n<p>Enlaces a sitios web de terceros<br \/>\nIntrastaduana.com puede incluir hiperv\u00ednculos o enlaces que permiten acceder a p\u00e1ginas web de terceros distintos de Intrastaduana.com, y que por tanto no son operados por Intrastaduana.com. Los titulares de dichos sitios web dispondr\u00e1n de sus propias pol\u00edticas de protecci\u00f3n de datos, siendo ellos mismos, en cada caso, responsables de sus propios ficheros y de sus propias pr\u00e1cticas de privacidad.<\/p>\n<p>Aceptaci\u00f3n y consentimiento<br \/>\nEl usuario declara haber sido informado de las condiciones sobre protecci\u00f3n de datos de car\u00e1cter personal, aceptando y consintiendo el tratamiento de los mismos por parte de Intrastaduana.com en la forma y para las finalidades indicadas en esta pol\u00edtica de privacidad.<\/p>\n<p>Revocabilidad<br \/>\nEl consentimiento prestado, tanto para el tratamiento como para la cesi\u00f3n de los datos de los interesados, es revocable en cualquier momento comunic\u00e1ndolo a Intrastaduana.com. Podr\u00e1s revocar tus datos en los t\u00e9rminos establecidos en esta Pol\u00edtica para el ejercicio de los derechos ARCO. Esta revocaci\u00f3n en ning\u00fan caso tendr\u00e1 car\u00e1cter retroactivo.<\/p>\n<p>Los usuarios podr\u00e1n ejercitar sus derechos de acceso, rectificaci\u00f3n, cancelaci\u00f3n y oposici\u00f3n mediante solicitud escrita, fechada y firmada, con indicaci\u00f3n de su nombre, apellidos, domicilio y fotocopia del DNI, que habr\u00e1n de dirigir a Ruth Sanchez a trav\u00e9s del correo electr\u00f3nico Intrastaduana@Intrastaduana.com<\/p>\n<p>Cambios en la pol\u00edtica de privacidad<br \/>\nIntrastaduana.com se reserva el derecho a modificar su Pol\u00edtica de Privacidad, de acuerdo a su propio criterio, o motivado por un cambio legislativo, jurisprudencial o doctrinal de la Agencia Espa\u00f1ola de Protecci\u00f3n de Datos. Los cambios o actualizaciones de esta Pol\u00edtica de Privacidad no ser\u00e1n notificados de forma expl\u00edcita al Usuario. Se recomienda al Usuario consultar esta p\u00e1gina de forma peri\u00f3dica para estar al tanto de los \u00faltimos cambios o actualizaciones.<\/p>\n","protected":false},"excerpt":{"rendered":"<p>Pol\u00edtica de privacidad Esta pol\u00edtica de privacidad establece la forma en que se van a gestionar los datos personales en esta web. Es imprescindible que la leas y aceptes antes de seguir navegando. En esta declaraci\u00f3n de privacidad se explica qu\u00e9 datos personales recopilamos de nuestros usuarios y c\u00f3mo los utilizamos. Lee detenidamente nuestra pol\u00edtica [&hellip;]<\/p>\n","protected":false},"author":1,"featured_media":0,"parent":0,"menu_order":0,"comment_status":"closed","ping_status":"closed","template":"","meta":{"_et_pb_use_builder":"","_et_pb_old_content":"","_et_gb_content_width":"","footnotes":""},"_links":{"self":[{"href":"https:\/\/intrastaduana.com\/index.php\/wp-json\/wp\/v2\/pages\/81"}],"collection":[{"href":"https:\/\/intrastaduana.com\/index.php\/wp-json\/wp\/v2\/pages"}],"about":[{"href":"https:\/\/intrastaduana.com\/index.php\/wp-json\/wp\/v2\/types\/page"}],"author":[{"embeddable":true,"href":"https:\/\/intrastaduana.com\/index.php\/wp-json\/wp\/v2\/users\/1"}],"replies":[{"embeddable":true,"href":"https:\/\/intrastaduana.com\/index.php\/wp-json\/wp\/v2\/comments?post=81"}],"version-history":[{"count":4,"href":"https:\/\/intrastaduana.com\/index.php\/wp-json\/wp\/v2\/pages\/81\/revisions"}],"predecessor-version":[{"id":356,"href":"https:\/\/intrastaduana.com\/index.php\/wp-json\/wp\/v2\/pages\/81\/revisions\/356"}],"wp:attachment":[{"href":"https:\/\/intrastaduana.com\/index.php\/wp-json\/wp\/v2\/media?parent=81"}],"curies":[{"name":"wp","href":"https:\/\/api.w.org\/{rel}","templated":true}]}}