{"id":83,"date":"2018-09-27T18:51:36","date_gmt":"2018-09-27T17:51:36","guid":{"rendered":"http:\/\/intrastaduana.com\/?page_id=83"},"modified":"2018-12-22T17:46:16","modified_gmt":"2018-12-22T17:46:16","slug":"uso-de-cookies","status":"publish","type":"page","link":"https:\/\/intrastaduana.com\/index.php\/uso-de-cookies\/","title":{"rendered":"uso de cookies"},"content":{"rendered":"<p>Pol\u00edtica de cookies<br \/>\nLas cookies utilizadas por el sitio web se asocian \u00fanicamente con un usuario an\u00f3nimo y su ordenador, y no proporcionan por s\u00ed mismas los datos personales del usuario.<\/p>\n<p>Mediante el uso de cookies se posibilita que el servidor donde se encuentra intrastaduana.com, reconozca el navegador web utilizado por el usuario con la finalidad de que la navegaci\u00f3n sea m\u00e1s sencilla, permitiendo, por ejemplo, el acceso a los usuarios que se hayan registrado previamente a las \u00e1reas o servicios reservados exclusivamente a ellos sin tener que registrarse en cada visita.<\/p>\n<p>PRIVACIDAD ANTE TODO!<br \/>\nintrastaduana.com vela por la privacidad y anonimato de sus usuarios. Por ello solo emplea las cookies exclusivamente necesarias de tipo funcional (acceso a cuenta, preferencias de uso), contempladas en la \u201cLey Cookie\u201c, y \u00fanicamente dentro de la parte privada de la plataforma. NO SE USAN cookies de terceros, cookies de marketing, cookies de rastreo de navegaci\u00f3n ni estad\u00edstica.<\/p>\n<p>COOKIES UTILIZADAS.<br \/>\nintrastaduana.com se divide en dos partes, una parte p\u00fablica (front-end) y una parte privada (back-end) correspondiente a la plataforma de psicolog\u00eda, donde profesionales y usuarios acceden de modo privado mediante contrase\u00f1a.<\/p>\n<p>En su parte p\u00fablica, intrastaduana.com no emplea absolutamente ninguna cookie, aunque genera por defecto y sin contenido la cookie PHPSESSID.<\/p>\n<p>PHPSESSID: Esta cookie es nativa de PHP y permite a la web guardar datos serializados y encriptados. En esta web se usa para establecer sesiones de usuario y poder administrar el acceso dentro del \u00e1rea privada, pasando datos de estado a trav\u00e9s de una cookie temporal tambi\u00e9n conocida como Cookie de sesi\u00f3n.<\/p>\n<p>En su parte privada solo se emplean cookies de tipo funcional, es decir, las que permiten recordar el usuario registrado (PHPSESSID), par\u00e1metros de configuraci\u00f3n y sus preferencias, a fin de facilitar y mejorar la experiencia de uso en nuestro sitio.<\/p>\n<p>Dichas cookies funcionales son necesarias para el funcionamiento de la parte privada de mipsicoterapiamadrid.es, por lo que es necesario tener habilitado en el navegador el empleo de cookies. Las cookies utilizadas en este sitio web tienen, en todo caso, car\u00e1cter temporal y en ning\u00fan caso se utilizar\u00e1n estas cookies para recoger informaci\u00f3n de car\u00e1cter personal.<\/p>\n<p>En ning\u00fan momento se incluir\u00e1n cookies de marketing en todo nuestro sitio web.<\/p>\n<p>ELIMINAR LAS COOKIES.<\/p>\n<p>Para eliminar las cookies de un sitio web debe ir a la configuraci\u00f3n de su navegador y all\u00ed podr\u00e1 buscar las asociadas al dominio y eliminarlas<\/p>\n<p>Configuraci\u00f3n de cookies para Google Chrome<br \/>\nConfiguraci\u00f3n de cookies para Apple Safari<br \/>\nConfiguraci\u00f3n de cookies para Internet Explorer<br \/>\nConfiguraci\u00f3n de cookies para Mozilla Firefox<\/p>\n<p>M\u00e1s informaci\u00f3n sobre las cookies<\/p>\n<p>Puedes consultar el reglamento sobre cookies publicado por la Agencia Espa\u00f1ola de Protecci\u00f3n de Datos en su \u201cGu\u00eda sobre el uso de las cookies\u201d y obtener m\u00e1s informaci\u00f3n sobre las cookies en Internet, http:\/\/www.aboutcookies.org\/<\/p>\n<p>Si desea tener un mayor control sobre la instalaci\u00f3n de cookies, puede instalar programas o complementos a su navegador, conocidos como herramientas de \u201cDo Not Track\u201d, que le permitir\u00e1n escoger aquellas cookies que desea permitir.<\/p>\n<p>Esta pol\u00edtica de cookies ha sido actualizada por \u00faltima vez el 01-12-2018.<\/p>\n","protected":false},"excerpt":{"rendered":"<p>Pol\u00edtica de cookies Las cookies utilizadas por el sitio web se asocian \u00fanicamente con un usuario an\u00f3nimo y su ordenador, y no proporcionan por s\u00ed mismas los datos personales del usuario. Mediante el uso de cookies se posibilita que el servidor donde se encuentra intrastaduana.com, reconozca el navegador web utilizado por el usuario con la [&hellip;]<\/p>\n","protected":false},"author":1,"featured_media":0,"parent":0,"menu_order":0,"comment_status":"closed","ping_status":"closed","template":"","meta":{"_et_pb_use_builder":"","_et_pb_old_content":"","_et_gb_content_width":"","footnotes":""},"_links":{"self":[{"href":"https:\/\/intrastaduana.com\/index.php\/wp-json\/wp\/v2\/pages\/83"}],"collection":[{"href":"https:\/\/intrastaduana.com\/index.php\/wp-json\/wp\/v2\/pages"}],"about":[{"href":"https:\/\/intrastaduana.com\/index.php\/wp-json\/wp\/v2\/types\/page"}],"author":[{"embeddable":true,"href":"https:\/\/intrastaduana.com\/index.php\/wp-json\/wp\/v2\/users\/1"}],"replies":[{"embeddable":true,"href":"https:\/\/intrastaduana.com\/index.php\/wp-json\/wp\/v2\/comments?post=83"}],"version-history":[{"count":4,"href":"https:\/\/intrastaduana.com\/index.php\/wp-json\/wp\/v2\/pages\/83\/revisions"}],"predecessor-version":[{"id":353,"href":"https:\/\/intrastaduana.com\/index.php\/wp-json\/wp\/v2\/pages\/83\/revisions\/353"}],"wp:attachment":[{"href":"https:\/\/intrastaduana.com\/index.php\/wp-json\/wp\/v2\/media?parent=83"}],"curies":[{"name":"wp","href":"https:\/\/api.w.org\/{rel}","templated":true}]}}